{"id":694,"date":"2023-04-25T09:59:30","date_gmt":"2023-04-25T07:59:30","guid":{"rendered":"https:\/\/dltec.net\/politica-de-cookies\/"},"modified":"2023-05-10T10:50:55","modified_gmt":"2023-05-10T08:50:55","slug":"politica-de-cookies","status":"publish","type":"page","link":"https:\/\/dltec.net\/ca\/politica-de-cookies\/","title":{"rendered":"Pol\u00edtica de Cookies"},"content":{"rendered":"<p>[et_pb_section fb_built=&#8221;1&#8243; _builder_version=&#8221;4.20.4&#8243; _module_preset=&#8221;default&#8221; background_color=&#8221;#256C90&#8243; custom_padding=&#8221;50px||50px||true|false&#8221; locked=&#8221;off&#8221; collapsed=&#8221;on&#8221; global_colors_info=&#8221;{}&#8221;][et_pb_row _builder_version=&#8221;4.20.4&#8243; _module_preset=&#8221;default&#8221; global_colors_info=&#8221;{}&#8221;][et_pb_column type=&#8221;4_4&#8243; _builder_version=&#8221;4.20.4&#8243; _module_preset=&#8221;default&#8221; global_colors_info=&#8221;{}&#8221;][et_pb_text _builder_version=&#8221;4.20.4&#8243; _dynamic_attributes=&#8221;content&#8221; _module_preset=&#8221;default&#8221; text_font=&#8221;Lexend Deca|800|||||||&#8221; text_text_color=&#8221;#FFFFFF&#8221; text_font_size=&#8221;30px&#8221; header_font=&#8221;Lexend Deca|800|||||||&#8221; header_text_align=&#8221;left&#8221; header_text_color=&#8221;#FFFFFF&#8221; header_font_size=&#8221;42px&#8221; global_colors_info=&#8221;{}&#8221;]@ET-DC@eyJkeW5hbWljIjp0cnVlLCJjb250ZW50IjoicG9zdF90aXRsZSIsInNldHRpbmdzIjp7ImJlZm9yZSI6IiIsImFmdGVyIjoiIn19@[\/et_pb_text][\/et_pb_column][\/et_pb_row][\/et_pb_section][et_pb_section fb_built=&#8221;1&#8243; admin_label=&#8221;section&#8221; _builder_version=&#8221;4.16&#8243; global_colors_info=&#8221;{}&#8221;][et_pb_row admin_label=&#8221;row&#8221; _builder_version=&#8221;4.16&#8243; background_size=&#8221;initial&#8221; background_position=&#8221;top_left&#8221; background_repeat=&#8221;repeat&#8221; global_colors_info=&#8221;{}&#8221;][et_pb_column type=&#8221;4_4&#8243; _builder_version=&#8221;4.16&#8243; custom_padding=&#8221;|||&#8221; global_colors_info=&#8221;{}&#8221; custom_padding__hover=&#8221;|||&#8221;][et_pb_text _builder_version=&#8221;4.20.4&#8243; _module_preset=&#8221;default&#8221; custom_margin=&#8221;70px||90px||false|false&#8221; inline_fonts=&#8221;Lexend Deca&#8221; global_colors_info=&#8221;{}&#8221;]<\/p>\n<p>&nbsp;<\/p>\n<p><span style=\"font-family: 'Lexend Deca'; font-weight: normal;\"><span lang=\"ca-ES\"><b>POL\u00cdTICA DE COOKIES<\/b><\/span><\/span><\/p>\n<p align=\"justify\"><span><span lang=\"ca-ES\">El nostre lloc web http:\/\/www.dltec.net (el \u201cLloc Web\u201d) pot utilitzar una tecnologia anomenada \u201ccookies\u201d amb la finalitat de poder recopilar informaci\u00f3 sobre l\u2019\u00fas del Lloc Web.<\/span><\/span><\/p>\n<p align=\"justify\"><span><span lang=\"ca-ES\">Us informem de que podr\u00edem utilitzar cookies amb la finalitat de facilitar la vostra navegaci\u00f3 a trav\u00e9s del Lloc Web, distingir-vos d\u2019altres usuaris, proporcionar-vos una millor experi\u00e8ncia en l\u2019\u00fas del mateix, i identificar problemes per millorar el nostre Lloc Web.<\/span><\/span><\/p>\n<p align=\"justify\"><span><span lang=\"ca-ES\">Aix\u00ed mateix, en cas de que prest\u00e9ssiu el vostre consentiment, podr\u00edem utilitzar cookies que ens permetessin obtenir m\u00e9s informaci\u00f3 sobre les vostres prefer\u00e8ncies i personalitzar el nostre Lloc Web de conformitat amb els seus interessos individuals.<\/span><\/span><\/p>\n<p align=\"justify\"><span><span lang=\"ca-ES\">La present pol\u00edtica de cookies t\u00e9 per finalitat informar-vos, de manera clara i precisa, sobre les cookies que s\u2019utilitzen en els nostre Lloc Web en cada moment. En el cas de que vulgueu aconseguir m\u00e9s informaci\u00f3 sobre les cookies que utilitzem en el Lloc Web, podeu enviar un correu electr\u00f2nic a la seg\u00fcent adre\u00e7a: <\/span><u><a href=\"mailto:info@dltec.net\"><span lang=\"ca-ES\">info@dltec.net<\/span><\/a><\/u><span lang=\"ca-ES\">.<\/span><\/span><\/p>\n<p align=\"justify\"><a name=\"_GoBack\"><\/a><span style=\"font-size: medium; font-family: 'Lexend Deca'; font-weight: normal;\"><span lang=\"ca-ES\"><b>Cookies<\/b><\/span><\/span><\/p>\n<p align=\"justify\"><span><span lang=\"ca-ES\">Una cookie \u00e9s un arxiu que es descarrega en el seu equip (ordenador o dispositiu m\u00f2bil) amb la finalitat d\u2019emmagatzemar dades que podran ser actualitzades i recuperades per l\u2019entitat responsable de la seva instal\u00b7laci\u00f3.<\/span><\/span><\/p>\n<p align=\"justify\"><span><span lang=\"ca-ES\">La informaci\u00f3 recollida mitjan\u00e7ant les cookies poden incloure la data i hora de visites al Lloc Web, les p\u00e0gines visionades, el temps que heu estat al nostre Lloc Web i els llocs Web visitats just abans i despr\u00e9s del mateix.<\/span><\/span><\/p>\n<p align=\"justify\"><b style=\"font-size: 16px; font-family: 'Lexend Deca'; text-align: left;\">Tipus de cookies que s\u2019utilitzen en el Lloc Web<\/b><\/p>\n<p align=\"justify\"><span lang=\"ca-ES\" style=\"font-family: 'Lexend Deca'; font-weight: normal;\"><b>Cookies pr\u00f2pies<\/b><\/span><\/p>\n<p align=\"justify\"><span><span lang=\"ca-ES\">qTranslate+Cookie+Test (sessi\u00f3) cookie referida als botons de canvi d\u2019idioma en les p\u00e0gines d\u2019edici\u00f3 que, una vegada escollits, fan que tot el text dels camps multiling\u00fces s\u2019omplin amb l\u2019idioma escollit.<\/span><\/span><\/p>\n<p align=\"justify\"><b style=\"font-size: 16px; font-family: 'Lexend Deca'; text-align: left;\">Cookies de tercers<\/b><\/p>\n<p align=\"justify\"><span><span lang=\"ca-ES\">El nostre Lloc Web no utilitza cookies de tercers.<\/span><\/span><\/p>\n<p align=\"justify\"><span><span lang=\"ca-ES\">No obstant aix\u00f2, si interactueu amb el contingut del nostre Lloc Web, tamb\u00e9 poden establir-se cookies de tercers (per exemple, al pr\u00e9mer botons de xarxes socials o visionar v\u00eddeos allotjats en d\u2019altres llocs Web).<\/span><\/span><\/p>\n<p align=\"justify\"><span><span lang=\"ca-ES\">A continuaci\u00f3, incloem els enlla\u00e7os dels llocs Web on podeu consultar la descripci\u00f3 del tipus de cookies que utilitzen les xarxes socials a les que podeu accedir des del nostre Lloc Web i el seu per\u00edode d\u2019expiraci\u00f3:<\/span><\/span><\/p>\n<p align=\"justify\"><span><span lang=\"ca-ES\">Facebook, consultar el seg\u00fcent enlla\u00e7:<\/span><\/span><\/p>\n<p align=\"justify\"><span><u><a href=\"https:\/\/www.facebook.com\/privacy\/policy\/?entry_point=data_policy_redirect&amp;entry=0\"><span lang=\"ca-ES\">https:\/\/es-es.facebook.com\/privacy\/explanation<\/span><\/a><\/u><\/span><\/p>\n<p align=\"justify\"><span><span lang=\"ca-ES\">Linkedin, consultar el seg\u00fcent enlla\u00e7:<\/span><\/span><\/p>\n<p align=\"justify\"><span><u><a href=\"https:\/\/www.linkedin.com\/legal\/privacy-policy?_l=es_ES\"><span lang=\"ca-ES\">https:\/\/www.linkedin.com\/legal\/privacy-policy?_l=es_ES<\/span><\/a><\/u><\/span><\/p>\n<p align=\"justify\"><span><span lang=\"ca-ES\">Twitter, consultar el seg\u00fcent enlla\u00e7:<\/span><\/span><\/p>\n<p align=\"justify\"><u style=\"font-size: 16px; text-align: left;\"><span lang=\"ca-ES\"><a href=\"http:\/\/www.twitterenespanol.net\/privacy_policy.php\">http:\/\/www.twitterenespanol.net\/privacy_policy.php<\/a><\/span><\/u><\/p>\n<p align=\"justify\"><b style=\"font-size: 16px; font-family: 'Lexend Deca'; text-align: left;\">Canvis en la Pol\u00edtica de Cookies<\/b><\/p>\n<p align=\"justify\"><span><span lang=\"ca-ES\">\u00c9s possible que actualitzem la Pol\u00edtica de Cookies del nostre Lloc Web. Per aix\u00f2 us recomanem revisar aquesta pol\u00edtica cada vegada que accediu al nostre Lloc Web amb l\u2019objectiu d\u2019estar adequadament informat sobre com i per a qu\u00e8 fem servir les cookies.<\/span><\/span><\/p>\n<p align=\"justify\"><span><span lang=\"ca-ES\">La Pol\u00edtica de Cookies es va actualitzar per darrera vegada el<\/span> <span lang=\"ca-ES\"><b>juny de 2018<\/b><\/span><span lang=\"ca-ES\">.<\/span><\/span><\/p>\n<p>[\/et_pb_text][\/et_pb_column][\/et_pb_row][\/et_pb_section]<\/p>\n","protected":false},"excerpt":{"rendered":"<p>&nbsp; POL\u00cdTICA DE COOKIES El nostre lloc web http:\/\/www.dltec.net (el \u201cLloc Web\u201d) pot utilitzar una tecnologia anomenada \u201ccookies\u201d amb la finalitat de poder recopilar informaci\u00f3 sobre l\u2019\u00fas del Lloc Web. Us informem de que podr\u00edem utilitzar cookies amb la finalitat de facilitar la vostra navegaci\u00f3 a trav\u00e9s del Lloc Web, distingir-vos d\u2019altres usuaris, proporcionar-vos una [&hellip;]<\/p>\n","protected":false},"author":1,"featured_media":0,"parent":0,"menu_order":0,"comment_status":"closed","ping_status":"closed","template":"","meta":{"_et_pb_use_builder":"on","_et_pb_old_content":"","_et_gb_content_width":"","footnotes":""},"class_list":["post-694","page","type-page","status-publish","hentry"],"yoast_head":"<!-- This site is optimized with the Yoast SEO plugin v20.8 - https:\/\/yoast.com\/wordpress\/plugins\/seo\/ -->\n<title>Pol\u00edtica de Cookies - Datalab<\/title>\n<meta name=\"robots\" content=\"index, follow, max-snippet:-1, max-image-preview:large, max-video-preview:-1\" \/>\n<link rel=\"canonical\" href=\"https:\/\/dltec.net\/ca\/politica-de-cookies\/\" \/>\n<meta property=\"og:locale\" content=\"ca_ES\" \/>\n<meta property=\"og:type\" content=\"article\" \/>\n<meta property=\"og:title\" content=\"Pol\u00edtica de Cookies - Datalab\" \/>\n<meta property=\"og:description\" content=\"&nbsp; POL\u00cdTICA DE COOKIES El nostre lloc web http:\/\/www.dltec.net (el \u201cLloc Web\u201d) pot utilitzar una tecnologia anomenada \u201ccookies\u201d amb la finalitat de poder recopilar informaci\u00f3 sobre l\u2019\u00fas del Lloc Web. Us informem de que podr\u00edem utilitzar cookies amb la finalitat de facilitar la vostra navegaci\u00f3 a trav\u00e9s del Lloc Web, distingir-vos d\u2019altres usuaris, proporcionar-vos una [&hellip;]\" \/>\n<meta property=\"og:url\" content=\"https:\/\/dltec.net\/ca\/politica-de-cookies\/\" \/>\n<meta property=\"og:site_name\" content=\"Datalab\" \/>\n<meta property=\"article:modified_time\" content=\"2023-05-10T08:50:55+00:00\" \/>\n<meta name=\"twitter:card\" content=\"summary_large_image\" \/>\n<meta name=\"twitter:label1\" content=\"Temps estimat de lectura\" \/>\n\t<meta name=\"twitter:data1\" content=\"4 minuts\" \/>\n<script type=\"application\/ld+json\" class=\"yoast-schema-graph\">{\"@context\":\"https:\/\/schema.org\",\"@graph\":[{\"@type\":\"WebPage\",\"@id\":\"https:\/\/dltec.net\/ca\/politica-de-cookies\/\",\"url\":\"https:\/\/dltec.net\/ca\/politica-de-cookies\/\",\"name\":\"Pol\u00edtica de Cookies - Datalab\",\"isPartOf\":{\"@id\":\"https:\/\/dltec.net\/ca\/#website\"},\"datePublished\":\"2023-04-25T07:59:30+00:00\",\"dateModified\":\"2023-05-10T08:50:55+00:00\",\"breadcrumb\":{\"@id\":\"https:\/\/dltec.net\/ca\/politica-de-cookies\/#breadcrumb\"},\"inLanguage\":\"ca\",\"potentialAction\":[{\"@type\":\"ReadAction\",\"target\":[\"https:\/\/dltec.net\/ca\/politica-de-cookies\/\"]}]},{\"@type\":\"BreadcrumbList\",\"@id\":\"https:\/\/dltec.net\/ca\/politica-de-cookies\/#breadcrumb\",\"itemListElement\":[{\"@type\":\"ListItem\",\"position\":1,\"name\":\"Portada\",\"item\":\"https:\/\/dltec.net\/ca\/\"},{\"@type\":\"ListItem\",\"position\":2,\"name\":\"Pol\u00edtica de Cookies\"}]},{\"@type\":\"WebSite\",\"@id\":\"https:\/\/dltec.net\/ca\/#website\",\"url\":\"https:\/\/dltec.net\/ca\/\",\"name\":\"Datalab\",\"description\":\"\",\"potentialAction\":[{\"@type\":\"SearchAction\",\"target\":{\"@type\":\"EntryPoint\",\"urlTemplate\":\"https:\/\/dltec.net\/ca\/?s={search_term_string}\"},\"query-input\":\"required name=search_term_string\"}],\"inLanguage\":\"ca\"}]}<\/script>\n<!-- \/ Yoast SEO plugin. -->","yoast_head_json":{"title":"Pol\u00edtica de Cookies - Datalab","robots":{"index":"index","follow":"follow","max-snippet":"max-snippet:-1","max-image-preview":"max-image-preview:large","max-video-preview":"max-video-preview:-1"},"canonical":"https:\/\/dltec.net\/ca\/politica-de-cookies\/","og_locale":"ca_ES","og_type":"article","og_title":"Pol\u00edtica de Cookies - Datalab","og_description":"&nbsp; POL\u00cdTICA DE COOKIES El nostre lloc web http:\/\/www.dltec.net (el \u201cLloc Web\u201d) pot utilitzar una tecnologia anomenada \u201ccookies\u201d amb la finalitat de poder recopilar informaci\u00f3 sobre l\u2019\u00fas del Lloc Web. Us informem de que podr\u00edem utilitzar cookies amb la finalitat de facilitar la vostra navegaci\u00f3 a trav\u00e9s del Lloc Web, distingir-vos d\u2019altres usuaris, proporcionar-vos una [&hellip;]","og_url":"https:\/\/dltec.net\/ca\/politica-de-cookies\/","og_site_name":"Datalab","article_modified_time":"2023-05-10T08:50:55+00:00","twitter_card":"summary_large_image","twitter_misc":{"Temps estimat de lectura":"4 minuts"},"schema":{"@context":"https:\/\/schema.org","@graph":[{"@type":"WebPage","@id":"https:\/\/dltec.net\/ca\/politica-de-cookies\/","url":"https:\/\/dltec.net\/ca\/politica-de-cookies\/","name":"Pol\u00edtica de Cookies - Datalab","isPartOf":{"@id":"https:\/\/dltec.net\/ca\/#website"},"datePublished":"2023-04-25T07:59:30+00:00","dateModified":"2023-05-10T08:50:55+00:00","breadcrumb":{"@id":"https:\/\/dltec.net\/ca\/politica-de-cookies\/#breadcrumb"},"inLanguage":"ca","potentialAction":[{"@type":"ReadAction","target":["https:\/\/dltec.net\/ca\/politica-de-cookies\/"]}]},{"@type":"BreadcrumbList","@id":"https:\/\/dltec.net\/ca\/politica-de-cookies\/#breadcrumb","itemListElement":[{"@type":"ListItem","position":1,"name":"Portada","item":"https:\/\/dltec.net\/ca\/"},{"@type":"ListItem","position":2,"name":"Pol\u00edtica de Cookies"}]},{"@type":"WebSite","@id":"https:\/\/dltec.net\/ca\/#website","url":"https:\/\/dltec.net\/ca\/","name":"Datalab","description":"","potentialAction":[{"@type":"SearchAction","target":{"@type":"EntryPoint","urlTemplate":"https:\/\/dltec.net\/ca\/?s={search_term_string}"},"query-input":"required name=search_term_string"}],"inLanguage":"ca"}]}},"_links":{"self":[{"href":"https:\/\/dltec.net\/ca\/wp-json\/wp\/v2\/pages\/694","targetHints":{"allow":["GET"]}}],"collection":[{"href":"https:\/\/dltec.net\/ca\/wp-json\/wp\/v2\/pages"}],"about":[{"href":"https:\/\/dltec.net\/ca\/wp-json\/wp\/v2\/types\/page"}],"author":[{"embeddable":true,"href":"https:\/\/dltec.net\/ca\/wp-json\/wp\/v2\/users\/1"}],"replies":[{"embeddable":true,"href":"https:\/\/dltec.net\/ca\/wp-json\/wp\/v2\/comments?post=694"}],"version-history":[{"count":11,"href":"https:\/\/dltec.net\/ca\/wp-json\/wp\/v2\/pages\/694\/revisions"}],"predecessor-version":[{"id":705,"href":"https:\/\/dltec.net\/ca\/wp-json\/wp\/v2\/pages\/694\/revisions\/705"}],"wp:attachment":[{"href":"https:\/\/dltec.net\/ca\/wp-json\/wp\/v2\/media?parent=694"}],"curies":[{"name":"wp","href":"https:\/\/api.w.org\/{rel}","templated":true}]}}