{"id":672,"date":"2023-04-25T11:40:28","date_gmt":"2023-04-25T09:40:28","guid":{"rendered":"https:\/\/dltec.net\/politica-de-qualitat\/"},"modified":"2023-05-09T17:54:39","modified_gmt":"2023-05-09T15:54:39","slug":"politica-de-qualitat","status":"publish","type":"page","link":"https:\/\/dltec.net\/ca\/politica-de-qualitat\/","title":{"rendered":"Pol\u00edtica de qualitat"},"content":{"rendered":"<p>[et_pb_section fb_built=&#8221;1&#8243; _builder_version=&#8221;4.20.4&#8243; _module_preset=&#8221;default&#8221; background_color=&#8221;#256C90&#8243; custom_padding=&#8221;50px||50px||true|false&#8221; locked=&#8221;off&#8221; collapsed=&#8221;on&#8221; global_colors_info=&#8221;{}&#8221;][et_pb_row _builder_version=&#8221;4.20.4&#8243; _module_preset=&#8221;default&#8221; global_colors_info=&#8221;{}&#8221;][et_pb_column type=&#8221;4_4&#8243; _builder_version=&#8221;4.20.4&#8243; _module_preset=&#8221;default&#8221; global_colors_info=&#8221;{}&#8221;][et_pb_text _builder_version=&#8221;4.20.4&#8243; _dynamic_attributes=&#8221;content&#8221; _module_preset=&#8221;default&#8221; text_font=&#8221;Lexend Deca|800|||||||&#8221; text_text_color=&#8221;#FFFFFF&#8221; text_font_size=&#8221;30px&#8221; header_font=&#8221;Lexend Deca|800|||||||&#8221; header_text_align=&#8221;left&#8221; header_text_color=&#8221;#FFFFFF&#8221; header_font_size=&#8221;42px&#8221; global_colors_info=&#8221;{}&#8221;]@ET-DC@eyJkeW5hbWljIjp0cnVlLCJjb250ZW50IjoicG9zdF90aXRsZSIsInNldHRpbmdzIjp7ImJlZm9yZSI6IiIsImFmdGVyIjoiIn19@[\/et_pb_text][\/et_pb_column][\/et_pb_row][\/et_pb_section][et_pb_section fb_built=&#8221;1&#8243; admin_label=&#8221;section&#8221; _builder_version=&#8221;4.16&#8243; global_colors_info=&#8221;{}&#8221;][et_pb_row admin_label=&#8221;row&#8221; _builder_version=&#8221;4.16&#8243; background_size=&#8221;initial&#8221; background_position=&#8221;top_left&#8221; background_repeat=&#8221;repeat&#8221; global_colors_info=&#8221;{}&#8221;][et_pb_column type=&#8221;4_4&#8243; _builder_version=&#8221;4.16&#8243; custom_padding=&#8221;|||&#8221; global_colors_info=&#8221;{}&#8221; custom_padding__hover=&#8221;|||&#8221;][et_pb_text _builder_version=&#8221;4.20.4&#8243; _module_preset=&#8221;default&#8221; custom_margin=&#8221;100px||170px||false|false&#8221; hover_enabled=&#8221;0&#8243; inline_fonts=&#8221;Lexend Deca&#8221; global_colors_info=&#8221;{}&#8221; sticky_enabled=&#8221;0&#8243;]<\/p>\n<p> <span style=\"font-family: 'Lexend Deca';\"><span lang=\"ca-ES\"><b>POL\u00cdTICA DE QUALITAT<\/b><\/span><\/span><\/p>\n<p align=\"justify\"><span><span lang=\"ca-ES\">L\u2019objectiu d\u2019DLTec \u00e9s subministrar productes i serveis que compleixin amb les exig\u00e8ncies i expectatives dels seus clients per tal d\u2019assegurar la perdurabilitat de l\u2019Empresa.<\/span><\/span><\/p>\n<ul>\n<li align=\"justify\"><a name=\"_GoBack\"><\/a><span><span lang=\"ca-ES\">Totes les activitats de DLTec s\u2019orienten cap a l\u2019assoliment de la satisfacci\u00f3 dels seus clients, mantenint i millorant la imatge que d\u2019elles t\u00e9 el mercat.<\/span><\/span><\/li>\n<li align=\"justify\"><span><span lang=\"ca-ES\">La millora cont\u00ednua es presenta com l\u2019eina m\u00e9s efica\u00e7 a utilitzar, en totes i cadascuna de les seves activitats, per dotar de competitivitat a l\u2019organitzaci\u00f3 davant d\u2019un mercat cada dia m\u00e9s exigent.<\/span><\/span><\/li>\n<li align=\"justify\"><span><span lang=\"ca-ES\">DLTec mant\u00e9 definits tots els seus processos que s\u00f3n avaluats i millorats de forma cont\u00ednua, per garantir el major grau de compliment dels requisits que li s\u00f3n demandats pels seus clients. Per a aix\u00f2, DLTec promou actituds proactives en la seva organitzaci\u00f3. Per a aix\u00f2, DLTec promou actituds proactives en la seva organitzaci\u00f3.<\/span><\/span><\/li>\n<li align=\"justify\"><span><span lang=\"ca-ES\">DLTec mant\u00e9 una actitud de col\u00b7laboraci\u00f3 amb els seus prove\u00efdors i treballa conjuntament amb ells per aconseguir la qualitat dels productes\/serveis adquirits, tenint en compte les necessitats i expectatives dels seus clients.<\/span><\/span><\/li>\n<li align=\"justify\"><span><span lang=\"ca-ES\">DLTec mant\u00e9 tots els recursos necessaris per complir i superar les normatives legals reglament\u00e0ries vigents en relaci\u00f3 amb el sistema de qualitat.<\/span><\/span><\/li>\n<li align=\"justify\"><span><span lang=\"ca-ES\">DLTec considera com un valor clau en el compliment dels requisits i expectatives dels seus clients la participaci\u00f3 i implicaci\u00f3 de tot el seu personal. Per aix\u00f2 facilita aquells recursos formatius i operatius, dels quals el personal ha de disposar, per al subministrament del producte o servei al client, de la manera m\u00e9s eficient possible.<\/span><\/span><\/li>\n<\/ul>\n<p align=\"justify\"><span><span lang=\"ca-ES\">La Direcci\u00f3 de DLTec garanteix que aquesta pol\u00edtica \u00e9s entesa, aplicada i revisada per tot el personal, per assegurar la seva adequaci\u00f3 continuada i mantinguda, disposant per a aix\u00f2 dels equips, mitjans, entorns i formaci\u00f3 necessaris.<\/span><\/span><\/p>\n<p>[\/et_pb_text][\/et_pb_column][\/et_pb_row][\/et_pb_section]<\/p>\n","protected":false},"excerpt":{"rendered":"<p>POL\u00cdTICA DE QUALITAT L\u2019objectiu d\u2019DLTec \u00e9s subministrar productes i serveis que compleixin amb les exig\u00e8ncies i expectatives dels seus clients per tal d\u2019assegurar la perdurabilitat de l\u2019Empresa. Totes les activitats de DLTec s\u2019orienten cap a l\u2019assoliment de la satisfacci\u00f3 dels seus clients, mantenint i millorant la imatge que d\u2019elles t\u00e9 el mercat. La millora cont\u00ednua [&hellip;]<\/p>\n","protected":false},"author":1,"featured_media":0,"parent":0,"menu_order":0,"comment_status":"closed","ping_status":"closed","template":"","meta":{"_et_pb_use_builder":"on","_et_pb_old_content":"","_et_gb_content_width":"","footnotes":""},"class_list":["post-672","page","type-page","status-publish","hentry"],"yoast_head":"<!-- This site is optimized with the Yoast SEO plugin v20.8 - https:\/\/yoast.com\/wordpress\/plugins\/seo\/ -->\n<title>Pol\u00edtica de qualitat - Datalab<\/title>\n<meta name=\"robots\" content=\"index, follow, max-snippet:-1, max-image-preview:large, max-video-preview:-1\" \/>\n<link rel=\"canonical\" href=\"https:\/\/dltec.net\/ca\/politica-de-qualitat\/\" \/>\n<meta property=\"og:locale\" content=\"ca_ES\" \/>\n<meta property=\"og:type\" content=\"article\" \/>\n<meta property=\"og:title\" content=\"Pol\u00edtica de qualitat - Datalab\" \/>\n<meta property=\"og:description\" content=\"POL\u00cdTICA DE QUALITAT L\u2019objectiu d\u2019DLTec \u00e9s subministrar productes i serveis que compleixin amb les exig\u00e8ncies i expectatives dels seus clients per tal d\u2019assegurar la perdurabilitat de l\u2019Empresa. Totes les activitats de DLTec s\u2019orienten cap a l\u2019assoliment de la satisfacci\u00f3 dels seus clients, mantenint i millorant la imatge que d\u2019elles t\u00e9 el mercat. La millora cont\u00ednua [&hellip;]\" \/>\n<meta property=\"og:url\" content=\"https:\/\/dltec.net\/ca\/politica-de-qualitat\/\" \/>\n<meta property=\"og:site_name\" content=\"Datalab\" \/>\n<meta property=\"article:modified_time\" content=\"2023-05-09T15:54:39+00:00\" \/>\n<meta name=\"twitter:card\" content=\"summary_large_image\" \/>\n<meta name=\"twitter:label1\" content=\"Temps estimat de lectura\" \/>\n\t<meta name=\"twitter:data1\" content=\"3 minuts\" \/>\n<script type=\"application\/ld+json\" class=\"yoast-schema-graph\">{\"@context\":\"https:\/\/schema.org\",\"@graph\":[{\"@type\":\"WebPage\",\"@id\":\"https:\/\/dltec.net\/ca\/politica-de-qualitat\/\",\"url\":\"https:\/\/dltec.net\/ca\/politica-de-qualitat\/\",\"name\":\"Pol\u00edtica de qualitat - Datalab\",\"isPartOf\":{\"@id\":\"https:\/\/dltec.net\/ca\/#website\"},\"datePublished\":\"2023-04-25T09:40:28+00:00\",\"dateModified\":\"2023-05-09T15:54:39+00:00\",\"breadcrumb\":{\"@id\":\"https:\/\/dltec.net\/ca\/politica-de-qualitat\/#breadcrumb\"},\"inLanguage\":\"ca\",\"potentialAction\":[{\"@type\":\"ReadAction\",\"target\":[\"https:\/\/dltec.net\/ca\/politica-de-qualitat\/\"]}]},{\"@type\":\"BreadcrumbList\",\"@id\":\"https:\/\/dltec.net\/ca\/politica-de-qualitat\/#breadcrumb\",\"itemListElement\":[{\"@type\":\"ListItem\",\"position\":1,\"name\":\"Portada\",\"item\":\"https:\/\/dltec.net\/ca\/\"},{\"@type\":\"ListItem\",\"position\":2,\"name\":\"Pol\u00edtica de qualitat\"}]},{\"@type\":\"WebSite\",\"@id\":\"https:\/\/dltec.net\/ca\/#website\",\"url\":\"https:\/\/dltec.net\/ca\/\",\"name\":\"Datalab\",\"description\":\"\",\"potentialAction\":[{\"@type\":\"SearchAction\",\"target\":{\"@type\":\"EntryPoint\",\"urlTemplate\":\"https:\/\/dltec.net\/ca\/?s={search_term_string}\"},\"query-input\":\"required name=search_term_string\"}],\"inLanguage\":\"ca\"}]}<\/script>\n<!-- \/ Yoast SEO plugin. -->","yoast_head_json":{"title":"Pol\u00edtica de qualitat - Datalab","robots":{"index":"index","follow":"follow","max-snippet":"max-snippet:-1","max-image-preview":"max-image-preview:large","max-video-preview":"max-video-preview:-1"},"canonical":"https:\/\/dltec.net\/ca\/politica-de-qualitat\/","og_locale":"ca_ES","og_type":"article","og_title":"Pol\u00edtica de qualitat - Datalab","og_description":"POL\u00cdTICA DE QUALITAT L\u2019objectiu d\u2019DLTec \u00e9s subministrar productes i serveis que compleixin amb les exig\u00e8ncies i expectatives dels seus clients per tal d\u2019assegurar la perdurabilitat de l\u2019Empresa. Totes les activitats de DLTec s\u2019orienten cap a l\u2019assoliment de la satisfacci\u00f3 dels seus clients, mantenint i millorant la imatge que d\u2019elles t\u00e9 el mercat. La millora cont\u00ednua [&hellip;]","og_url":"https:\/\/dltec.net\/ca\/politica-de-qualitat\/","og_site_name":"Datalab","article_modified_time":"2023-05-09T15:54:39+00:00","twitter_card":"summary_large_image","twitter_misc":{"Temps estimat de lectura":"3 minuts"},"schema":{"@context":"https:\/\/schema.org","@graph":[{"@type":"WebPage","@id":"https:\/\/dltec.net\/ca\/politica-de-qualitat\/","url":"https:\/\/dltec.net\/ca\/politica-de-qualitat\/","name":"Pol\u00edtica de qualitat - Datalab","isPartOf":{"@id":"https:\/\/dltec.net\/ca\/#website"},"datePublished":"2023-04-25T09:40:28+00:00","dateModified":"2023-05-09T15:54:39+00:00","breadcrumb":{"@id":"https:\/\/dltec.net\/ca\/politica-de-qualitat\/#breadcrumb"},"inLanguage":"ca","potentialAction":[{"@type":"ReadAction","target":["https:\/\/dltec.net\/ca\/politica-de-qualitat\/"]}]},{"@type":"BreadcrumbList","@id":"https:\/\/dltec.net\/ca\/politica-de-qualitat\/#breadcrumb","itemListElement":[{"@type":"ListItem","position":1,"name":"Portada","item":"https:\/\/dltec.net\/ca\/"},{"@type":"ListItem","position":2,"name":"Pol\u00edtica de qualitat"}]},{"@type":"WebSite","@id":"https:\/\/dltec.net\/ca\/#website","url":"https:\/\/dltec.net\/ca\/","name":"Datalab","description":"","potentialAction":[{"@type":"SearchAction","target":{"@type":"EntryPoint","urlTemplate":"https:\/\/dltec.net\/ca\/?s={search_term_string}"},"query-input":"required name=search_term_string"}],"inLanguage":"ca"}]}},"_links":{"self":[{"href":"https:\/\/dltec.net\/ca\/wp-json\/wp\/v2\/pages\/672","targetHints":{"allow":["GET"]}}],"collection":[{"href":"https:\/\/dltec.net\/ca\/wp-json\/wp\/v2\/pages"}],"about":[{"href":"https:\/\/dltec.net\/ca\/wp-json\/wp\/v2\/types\/page"}],"author":[{"embeddable":true,"href":"https:\/\/dltec.net\/ca\/wp-json\/wp\/v2\/users\/1"}],"replies":[{"embeddable":true,"href":"https:\/\/dltec.net\/ca\/wp-json\/wp\/v2\/comments?post=672"}],"version-history":[{"count":2,"href":"https:\/\/dltec.net\/ca\/wp-json\/wp\/v2\/pages\/672\/revisions"}],"predecessor-version":[{"id":674,"href":"https:\/\/dltec.net\/ca\/wp-json\/wp\/v2\/pages\/672\/revisions\/674"}],"wp:attachment":[{"href":"https:\/\/dltec.net\/ca\/wp-json\/wp\/v2\/media?parent=672"}],"curies":[{"name":"wp","href":"https:\/\/api.w.org\/{rel}","templated":true}]}}