{"id":663,"date":"2023-04-25T10:03:41","date_gmt":"2023-04-25T08:03:41","guid":{"rendered":"https:\/\/dltec.net\/condicions-dus\/"},"modified":"2023-05-09T16:57:42","modified_gmt":"2023-05-09T14:57:42","slug":"condicions-dus","status":"publish","type":"page","link":"https:\/\/dltec.net\/ca\/condicions-dus\/","title":{"rendered":"Condicions d&#8217;\u00fas"},"content":{"rendered":"<p>[et_pb_section fb_built=&#8221;1&#8243; _builder_version=&#8221;4.20.4&#8243; _module_preset=&#8221;default&#8221; background_color=&#8221;#256C90&#8243; custom_padding=&#8221;50px||50px||true|false&#8221; locked=&#8221;off&#8221; collapsed=&#8221;on&#8221; global_colors_info=&#8221;{}&#8221;][et_pb_row _builder_version=&#8221;4.20.4&#8243; _module_preset=&#8221;default&#8221; global_colors_info=&#8221;{}&#8221;][et_pb_column type=&#8221;4_4&#8243; _builder_version=&#8221;4.20.4&#8243; _module_preset=&#8221;default&#8221; global_colors_info=&#8221;{}&#8221;][et_pb_text _builder_version=&#8221;4.20.4&#8243; _dynamic_attributes=&#8221;content&#8221; _module_preset=&#8221;default&#8221; text_font=&#8221;Lexend Deca|800|||||||&#8221; text_text_color=&#8221;#FFFFFF&#8221; text_font_size=&#8221;30px&#8221; header_font=&#8221;Lexend Deca|800|||||||&#8221; header_text_align=&#8221;left&#8221; header_text_color=&#8221;#FFFFFF&#8221; header_font_size=&#8221;42px&#8221; global_colors_info=&#8221;{}&#8221;]@ET-DC@eyJkeW5hbWljIjp0cnVlLCJjb250ZW50IjoicG9zdF90aXRsZSIsInNldHRpbmdzIjp7ImJlZm9yZSI6IiIsImFmdGVyIjoiIn19@[\/et_pb_text][\/et_pb_column][\/et_pb_row][\/et_pb_section][et_pb_section fb_built=&#8221;1&#8243; _builder_version=&#8221;4.20.4&#8243; _module_preset=&#8221;default&#8221; global_colors_info=&#8221;{}&#8221;][et_pb_row _builder_version=&#8221;4.20.4&#8243; _module_preset=&#8221;default&#8221; global_colors_info=&#8221;{}&#8221;][et_pb_column type=&#8221;4_4&#8243; _builder_version=&#8221;4.20.4&#8243; _module_preset=&#8221;default&#8221; global_colors_info=&#8221;{}&#8221;][et_pb_text _builder_version=&#8221;4.20.4&#8243; _module_preset=&#8221;default&#8221; custom_margin=&#8221;70px||120px||false|false&#8221; inline_fonts=&#8221;Lexend Deca&#8221; global_colors_info=&#8221;{}&#8221;]<\/p>\n<p><span><span lang=\"ca-ES\"><b>CONDICIONS D\u2019\u00daS DEL LLOC WEB<\/b><\/span><\/span><\/p>\n<p><span style=\"font-family: 'Lexend Deca'; font-weight: normal;\"><span lang=\"ca-ES\">ABAST:<\/span><\/span><\/p>\n<p><span><span lang=\"ca-ES\">Aquestes Condicions d\u2019\u00das del Lloc Web estableixen les condiciones generals que regulen tant l\u2019acc\u00e9s com la navegaci\u00f3, aix\u00ed com l\u2019\u00fas dels continguts d\u2019aquest Lloc Web.<\/span><\/span><\/p>\n<p><span><span lang=\"ca-ES\">La informaci\u00f3 continguda en aquest Lloc Web fa referencia als serveis prestats per DATALAB TECNOLOGIA, SA (en endavant DLTEC). Aquesta informaci\u00f3 nom\u00e9s \u00e9s a efectes enunciatius i de cap manera constitueix una oferta vinculant que obligui al usuari a contractar els serveis. DLTEC es reserva el dret de modificar la informaci\u00f3 aqu\u00ed continguda, quan ho estimi convenient i sense previ av\u00eds, no sent responsable de la exactitud, insufici\u00e8ncia o autenticitat de la informaci\u00f3 subministrada.<\/span><\/span><\/p>\n<p><span><span lang=\"ca-ES\">Aix\u00ed mateix, es reserva el dret a modificar el contingut del present document d\u2019\u00fas del Lloc Web. Per tant, el Usuari ha de llegir atentament aquest document en cadascuna de les ocasions en que es proposi utilitzar el Lloc Web, ja que aquest i les seves condicions d\u2019\u00fas recollides en el present Condicions d\u2019\u00fas del Lloc Web poden patir modificacions.<\/span><\/span><\/p>\n<p><span><span lang=\"ca-ES\">La prestaci\u00f3 del servei d\u2019aquest Lloc Web t\u00e9 una duraci\u00f3 limitada al moment en el que el Usuari es trobi connectat al Lloc Web o a algun dels serveis que, mitjan\u00e7ant el mateix, es faciliten.<\/span><\/span><\/p>\n<p><span style=\"font-family: 'Lexend Deca'; font-weight: normal;\"><span lang=\"ca-ES\">CONDICIONS D\u2019\u00daS DEL LLOC WEB:<\/span><\/span><\/p>\n<p><span><span lang=\"ca-ES\">Amb el simple acc\u00e9s, la navegaci\u00f3 o la utilitzaci\u00f3 del Lloc Web, s\u2019adquireix la condici\u00f3 de usuari. El usuari accepta, de forma plena i sense cap tipus de reserva, les condicions contingudes en el present <a href=\"http:\/\/www.dltec.net\/avislegal\/\">Av\u00eds Legal<\/a><\/span><\/span><\/p>\n<p><span><span lang=\"ca-ES\">El usuari es compromet a utilitzar el Lloc Web, juntament amb els seus serveis i continguts, de forma l\u00edcita, d\u2019acord amb la legislaci\u00f3 vigent, els usos generalment acceptats, la bona fe i l\u2019ordre p\u00fablic.<\/span><\/span><\/p>\n<p><span><span lang=\"ca-ES\">El usuari es compromet a no realitzar accions que puguin provocar danys al Lloc Web, inutilitzant-lo, sobrecarregant-lo o fent-lo malb\u00e9 de qualsevol manera, o impedint als dem\u00e9s usuaris el lliure acc\u00e9s, utilitzaci\u00f3 o gaudiment del Lloc Web.<\/span><\/span><\/p>\n<p><span><span lang=\"ca-ES\"><span style=\"font-family: 'Lexend Deca'; font-weight: normal;\">PROPIETAT INTEL\u00b7LECTUAL I \u00daS DE CONTINGUTS:<\/span><br \/><\/span><\/span><\/p>\n<p><span><span lang=\"ca-ES\">DLTEC \u00e9s titular dels drets de propietat intel\u00b7lectual i industrial d\u2019aquest Lloc Web i de tots els seus continguts (a t\u00edtol merament enunciatiu: textos, fotografies i dem\u00e9s continguts audiovisuals, programari, disseny gr\u00e0fic, etc.) o compte amb la corresponent llic\u00e8ncia o autoritzaci\u00f3 pel seu \u00fas.<\/span><\/span><\/p>\n<p><span><span lang=\"ca-ES\">El acc\u00e9s a la navegaci\u00f3 per i el \u00fas d\u2019aquest Lloc Web per part del usuari no implica en cap cas ren\u00fancia, transmissi\u00f3, llic\u00e8ncia ni cessi\u00f3 total o parcial d\u2019aquells.<\/span><\/span><\/p>\n<p><span><span lang=\"ca-ES\">Queda prohibit reproduir, modificar, reutilitzar, explotar, comunicar p\u00fablicament, carregar arxius, enviar per correu electr\u00f2nic, transmetre, utilitzar, tractar o distribuir de qualsevol forma la totalitat o part dels continguts inclosos en aquest Lloc Web per prop\u00f2sits p\u00fablics o comercials, si no es disposa de la autoritzaci\u00f3 expressa i per escrit de DLTEC.<\/span><\/span><\/p>\n<p><span><span lang=\"ca-ES\">El logotipus \u00e9s una marca registrada propietat de DLTEC. Queda totalment prohibida la seva reproducci\u00f3 o \u00fas sense la autoritzaci\u00f3 per escrit del seu titular.<\/span><\/span><\/p>\n<p><span style=\"font-family: 'Lexend Deca'; font-weight: normal;\"><span lang=\"ca-ES\">ENLLA\u00c7OS<\/span><\/span><\/p>\n<p><span style=\"font-family: 'Lexend Deca'; font-weight: normal;\"><span lang=\"ca-ES\">ENLLA\u00c7OS A D\u2019ALTRES LLOCS WEB EXTERNS:<\/span><\/span><\/p>\n<p><span><span lang=\"ca-ES\">DLTEC rebutja tota responsabilitat sobre tota informaci\u00f3 present en la World Wide Web no elaborada per DLTEC o no publicada sota el seu nom.<\/span><\/span><\/p>\n<p><span><span lang=\"ca-ES\">El Lloc Web pot contenir enlla\u00e7os de hipertext cap a altres Llocs Web de la World Wide Web que s\u00f3n completament independents d\u2019aquest Lloc Web. DLTEC no respondr\u00e0 o garantir\u00e0, de cap manera, la exactitud, insufici\u00e8ncia o autenticitat de la informaci\u00f3 subministrada per qualsevol persona o entitat, f\u00edsica o jur\u00eddica, amb o sense personalitat jur\u00eddica pr\u00f2pia, a trav\u00e9s de d\u2019aquests enlla\u00e7os de hipertext.<\/span><\/span><\/p>\n<p><span style=\"font-family: 'Lexend Deca'; font-weight: normal;\"><span lang=\"ca-ES\">ENLLA\u00c7OS EXTERNS AMB DESTINACI\u00d3 AL LLOC WEB DE DLTEC:<\/span><\/span><\/p>\n<p><span><span lang=\"ca-ES\">Si qualsevol altre Lloc Web, usuari o entitat, desitg\u00e9s establir un enlla\u00e7 amb destinaci\u00f3 a http:\/\/www.dltec.net, aquest enlla\u00e7 s\u2019haur\u00e0 de sotmetre a les condicions que a continuaci\u00f3 es detallen:<\/span><\/span><\/p>\n<p><span><span lang=\"ca-ES\">El enlla\u00e7 anir\u00e0 dirigit a la p\u00e0gina principal o a qualsevol de les seves seccions. El enlla\u00e7, en qualsevol cas, ha de ser absolut i complert, dirigint al usuari amb un sol clic a la URL de la p\u00e0gina principal o a la URL de qualsevol de les seves seccions. El enlla\u00e7 haur\u00e0 d\u2019abastar tota la extensi\u00f3 de pantalla del portal de <\/span><u><a href=\"http:\/\/www.dltec.net\/\"><span lang=\"ca-ES\">http:\/\/www.dltec.net<\/span><\/a><\/u><span lang=\"ca-ES\">.<\/span><\/span><\/p>\n<p><span><span lang=\"ca-ES\">En cap cas, llevat de expressa autoritzaci\u00f3 per escrit per part de DLTEC, el Lloc Web que estableix el enlla\u00e7 podr\u00e0 reproduir de qualsevol manera http:\/\/www.dltec.net, incloent-lo com a part integrant del seu Lloc Web, utilitzant marcs, redireccionaments o qualsevol altre mesura que suposi ocultar l\u2019origen de la informaci\u00f3.<\/span><\/span><\/p>\n<p><span><span lang=\"ca-ES\">No s\u2019autoritza l\u2019establiment d\u2019enlla\u00e7 a http:\/\/www.dltec.net, des de Llocs Web que mantinguin continguts il\u00b7l\u00edcits, il\u00b7legals, degradants o obscens, contravenint la moral o l\u2019ordre p\u00fablic.<\/span><\/span><\/p>\n<p><span><span lang=\"ca-ES\">El servei d\u2019acc\u00e9s al Lloc Web inclou dispositius t\u00e8cnics d\u2019enlla\u00e7, directoris i incl\u00fas instruments de cerca que permeten al Usuari accedir a d\u2019altres p\u00e0gines i portals de Internet (en endavant, \u2018Llocs Enlla\u00e7ats\u2019). En aquests casos, DLTEC actua com a prestador de serveis de intermediaci\u00f3, de conformitat amb la Llei de Serveis de la Informaci\u00f3 i Comer\u00e7 electr\u00f2nic, i nom\u00e9s ser\u00e0 responsable dels continguts i serveis subministrats en els Llocs Enlla\u00e7ats en la mesura en que tingui coneixement efectiu de la il\u00b7licitud i no hagi desactivat el enlla\u00e7 amb la diligencia deguda. En el sup\u00f2sit de que el Usuari consideri que existeix un Lloc Enlla\u00e7at amb continguts il\u00b7l\u00edcits o inadequats podr\u00e0 comunicar-ho a DLTEC enviant un missatge a <\/span><u><a href=\"mailto:info@dltec.net\"><span lang=\"ca-ES\">info@dltec.net<\/span><\/a><\/u><span lang=\"ca-ES\"> , sense que en cap cas aquesta comunicaci\u00f3 comporti la obligaci\u00f3 de retirar el corresponent enlla\u00e7.<\/span><\/span><\/p>\n<p><span><span lang=\"ca-ES\">En cap cas, la exist\u00e8ncia de Llocs Enlla\u00e7ats ha de pressuposar la exist\u00e8ncia d\u2019acords amb els responsables o titulars dels mateixos, ni la recomanaci\u00f3, promoci\u00f3 o identificaci\u00f3 de DLTEC amb les manifestacions, continguts o serveis prove\u00efts.<\/span><\/span><\/p>\n<p><span><span lang=\"ca-ES\">DLTEC no coneix els continguts i serveis dels Llocs Enlla\u00e7ats i, per tant, no es fa responsable pels danys produ\u00efts per la il\u00b7licitud, qualitat, desactualitzaci\u00f3, indisponiblitat, error o inutilitat dels continguts i\/o serveis dels Llocs Enlla\u00e7ats ni per qualsevol altre dany que no sigui directament imputable a DLTEC.<\/span><\/span><\/p>\n<p><span style=\"font-family: 'Lexend Deca'; font-weight: normal;\"><span lang=\"ca-ES\">EXCLUSI\u00d3 DE RESPONSABILITAT:<\/span><\/span><\/p>\n<p><span><span lang=\"ca-ES\">La responsabilitat en el us d\u2019aquest Lloc Web correspon, de forma \u00fanica i exclusiva, al Usuari.<\/span><\/span><\/p>\n<p><span><span lang=\"ca-ES\">DLTEC no es fa responsable, en cap cas, dels danys i perjudicis de qualsevol naturalesa que poguessin causar-se per:<\/span><\/span><\/p>\n<p><span><span lang=\"ca-ES\">La no disponibilitat, manteniment i funcionament del Lloc Web o dels seus serveis o continguts, ja que requereix de subministres i serveis de tercers.<\/span><\/span><\/p>\n<p><span><span lang=\"ca-ES\">Els errors i omissions en la informaci\u00f3 publicada, aix\u00ed com la falta de utilitat, adequaci\u00f3 o validesa del Lloc Web o dels seus serveis o continguts per satisfer necessitats, activitats o resultats concrets o expectatives dels Usuaris.<\/span><\/span><\/p>\n<p><span><span lang=\"ca-ES\">El acc\u00e9s al Lloc Web no implica la obligaci\u00f3 per part de DLTEC de controlar la abs\u00e8ncia de virus o qualsevol altre element inform\u00e0tic nociu. Correspon al Usuari, en tot cas, la disponibilitat d\u2019eines adequades per la detecci\u00f3 i desinfecci\u00f3 de programes inform\u00e0tics nocius. DLTEC no es responsabilitza dels danys produ\u00efts en els equips inform\u00e0tics dels Usuaris o de tercers durant l\u2019\u00fas del Lloc Web.<\/span><\/span><\/p>\n<p><span style=\"font-family: 'Lexend Deca'; font-weight: normal;\"><span lang=\"ca-ES\">LEGISLACI\u00d3<\/span><\/span><\/p>\n<p><span><span lang=\"ca-ES\">El present Avis Legal es regeix, en tots i cadascun dels seus extrems, per la llei espanyola i el Reglament General de Protecci\u00f3 de Dades de la Uni\u00f3 Europea.<\/span><\/span><\/p>\n<p><span style=\"font-family: 'Lexend Deca';\"><span lang=\"ca-ES\">ACTUALITZACI\u00d3<\/span><\/span><\/p>\n<p><span><span lang=\"ca-ES\">El present \u00fas del Lloc Web s\u2019ha revisat per darrera vegada el<\/span><span lang=\"ca-ES\"><b>juny de 2018<\/b><\/span><\/span><\/p>\n<p>[\/et_pb_text][\/et_pb_column][\/et_pb_row][\/et_pb_section]<\/p>\n","protected":false},"excerpt":{"rendered":"<p>CONDICIONS D\u2019\u00daS DEL LLOC WEB ABAST: Aquestes Condicions d\u2019\u00das del Lloc Web estableixen les condiciones generals que regulen tant l\u2019acc\u00e9s com la navegaci\u00f3, aix\u00ed com l\u2019\u00fas dels continguts d\u2019aquest Lloc Web. La informaci\u00f3 continguda en aquest Lloc Web fa referencia als serveis prestats per DATALAB TECNOLOGIA, SA (en endavant DLTEC). Aquesta informaci\u00f3 nom\u00e9s \u00e9s a [&hellip;]<\/p>\n","protected":false},"author":1,"featured_media":0,"parent":0,"menu_order":0,"comment_status":"closed","ping_status":"closed","template":"","meta":{"_et_pb_use_builder":"on","_et_pb_old_content":"","_et_gb_content_width":"","footnotes":""},"class_list":["post-663","page","type-page","status-publish","hentry"],"yoast_head":"<!-- This site is optimized with the Yoast SEO plugin v20.8 - https:\/\/yoast.com\/wordpress\/plugins\/seo\/ -->\n<title>Condicions d&#039;\u00fas - Datalab<\/title>\n<meta name=\"robots\" content=\"index, follow, max-snippet:-1, max-image-preview:large, max-video-preview:-1\" \/>\n<link rel=\"canonical\" href=\"https:\/\/dltec.net\/ca\/condicions-dus\/\" \/>\n<meta property=\"og:locale\" content=\"ca_ES\" \/>\n<meta property=\"og:type\" content=\"article\" \/>\n<meta property=\"og:title\" content=\"Condicions d&#039;\u00fas - Datalab\" \/>\n<meta property=\"og:description\" content=\"CONDICIONS D\u2019\u00daS DEL LLOC WEB ABAST: Aquestes Condicions d\u2019\u00das del Lloc Web estableixen les condiciones generals que regulen tant l\u2019acc\u00e9s com la navegaci\u00f3, aix\u00ed com l\u2019\u00fas dels continguts d\u2019aquest Lloc Web. La informaci\u00f3 continguda en aquest Lloc Web fa referencia als serveis prestats per DATALAB TECNOLOGIA, SA (en endavant DLTEC). Aquesta informaci\u00f3 nom\u00e9s \u00e9s a [&hellip;]\" \/>\n<meta property=\"og:url\" content=\"https:\/\/dltec.net\/ca\/condicions-dus\/\" \/>\n<meta property=\"og:site_name\" content=\"Datalab\" \/>\n<meta property=\"article:modified_time\" content=\"2023-05-09T14:57:42+00:00\" \/>\n<meta name=\"twitter:card\" content=\"summary_large_image\" \/>\n<meta name=\"twitter:label1\" content=\"Temps estimat de lectura\" \/>\n\t<meta name=\"twitter:data1\" content=\"7 minuts\" \/>\n<script type=\"application\/ld+json\" class=\"yoast-schema-graph\">{\"@context\":\"https:\/\/schema.org\",\"@graph\":[{\"@type\":\"WebPage\",\"@id\":\"https:\/\/dltec.net\/ca\/condicions-dus\/\",\"url\":\"https:\/\/dltec.net\/ca\/condicions-dus\/\",\"name\":\"Condicions d'\u00fas - Datalab\",\"isPartOf\":{\"@id\":\"https:\/\/dltec.net\/ca\/#website\"},\"datePublished\":\"2023-04-25T08:03:41+00:00\",\"dateModified\":\"2023-05-09T14:57:42+00:00\",\"breadcrumb\":{\"@id\":\"https:\/\/dltec.net\/ca\/condicions-dus\/#breadcrumb\"},\"inLanguage\":\"ca\",\"potentialAction\":[{\"@type\":\"ReadAction\",\"target\":[\"https:\/\/dltec.net\/ca\/condicions-dus\/\"]}]},{\"@type\":\"BreadcrumbList\",\"@id\":\"https:\/\/dltec.net\/ca\/condicions-dus\/#breadcrumb\",\"itemListElement\":[{\"@type\":\"ListItem\",\"position\":1,\"name\":\"Portada\",\"item\":\"https:\/\/dltec.net\/ca\/\"},{\"@type\":\"ListItem\",\"position\":2,\"name\":\"Condicions d&#8217;\u00fas\"}]},{\"@type\":\"WebSite\",\"@id\":\"https:\/\/dltec.net\/ca\/#website\",\"url\":\"https:\/\/dltec.net\/ca\/\",\"name\":\"Datalab\",\"description\":\"\",\"potentialAction\":[{\"@type\":\"SearchAction\",\"target\":{\"@type\":\"EntryPoint\",\"urlTemplate\":\"https:\/\/dltec.net\/ca\/?s={search_term_string}\"},\"query-input\":\"required name=search_term_string\"}],\"inLanguage\":\"ca\"}]}<\/script>\n<!-- \/ Yoast SEO plugin. -->","yoast_head_json":{"title":"Condicions d'\u00fas - Datalab","robots":{"index":"index","follow":"follow","max-snippet":"max-snippet:-1","max-image-preview":"max-image-preview:large","max-video-preview":"max-video-preview:-1"},"canonical":"https:\/\/dltec.net\/ca\/condicions-dus\/","og_locale":"ca_ES","og_type":"article","og_title":"Condicions d'\u00fas - Datalab","og_description":"CONDICIONS D\u2019\u00daS DEL LLOC WEB ABAST: Aquestes Condicions d\u2019\u00das del Lloc Web estableixen les condiciones generals que regulen tant l\u2019acc\u00e9s com la navegaci\u00f3, aix\u00ed com l\u2019\u00fas dels continguts d\u2019aquest Lloc Web. La informaci\u00f3 continguda en aquest Lloc Web fa referencia als serveis prestats per DATALAB TECNOLOGIA, SA (en endavant DLTEC). Aquesta informaci\u00f3 nom\u00e9s \u00e9s a [&hellip;]","og_url":"https:\/\/dltec.net\/ca\/condicions-dus\/","og_site_name":"Datalab","article_modified_time":"2023-05-09T14:57:42+00:00","twitter_card":"summary_large_image","twitter_misc":{"Temps estimat de lectura":"7 minuts"},"schema":{"@context":"https:\/\/schema.org","@graph":[{"@type":"WebPage","@id":"https:\/\/dltec.net\/ca\/condicions-dus\/","url":"https:\/\/dltec.net\/ca\/condicions-dus\/","name":"Condicions d'\u00fas - Datalab","isPartOf":{"@id":"https:\/\/dltec.net\/ca\/#website"},"datePublished":"2023-04-25T08:03:41+00:00","dateModified":"2023-05-09T14:57:42+00:00","breadcrumb":{"@id":"https:\/\/dltec.net\/ca\/condicions-dus\/#breadcrumb"},"inLanguage":"ca","potentialAction":[{"@type":"ReadAction","target":["https:\/\/dltec.net\/ca\/condicions-dus\/"]}]},{"@type":"BreadcrumbList","@id":"https:\/\/dltec.net\/ca\/condicions-dus\/#breadcrumb","itemListElement":[{"@type":"ListItem","position":1,"name":"Portada","item":"https:\/\/dltec.net\/ca\/"},{"@type":"ListItem","position":2,"name":"Condicions d&#8217;\u00fas"}]},{"@type":"WebSite","@id":"https:\/\/dltec.net\/ca\/#website","url":"https:\/\/dltec.net\/ca\/","name":"Datalab","description":"","potentialAction":[{"@type":"SearchAction","target":{"@type":"EntryPoint","urlTemplate":"https:\/\/dltec.net\/ca\/?s={search_term_string}"},"query-input":"required name=search_term_string"}],"inLanguage":"ca"}]}},"_links":{"self":[{"href":"https:\/\/dltec.net\/ca\/wp-json\/wp\/v2\/pages\/663","targetHints":{"allow":["GET"]}}],"collection":[{"href":"https:\/\/dltec.net\/ca\/wp-json\/wp\/v2\/pages"}],"about":[{"href":"https:\/\/dltec.net\/ca\/wp-json\/wp\/v2\/types\/page"}],"author":[{"embeddable":true,"href":"https:\/\/dltec.net\/ca\/wp-json\/wp\/v2\/users\/1"}],"replies":[{"embeddable":true,"href":"https:\/\/dltec.net\/ca\/wp-json\/wp\/v2\/comments?post=663"}],"version-history":[{"count":2,"href":"https:\/\/dltec.net\/ca\/wp-json\/wp\/v2\/pages\/663\/revisions"}],"predecessor-version":[{"id":665,"href":"https:\/\/dltec.net\/ca\/wp-json\/wp\/v2\/pages\/663\/revisions\/665"}],"wp:attachment":[{"href":"https:\/\/dltec.net\/ca\/wp-json\/wp\/v2\/media?parent=663"}],"curies":[{"name":"wp","href":"https:\/\/api.w.org\/{rel}","templated":true}]}}