{"id":657,"date":"2023-05-08T12:53:56","date_gmt":"2023-05-08T10:53:56","guid":{"rendered":"https:\/\/dltec.net\/storage-avancat\/"},"modified":"2023-05-09T16:41:24","modified_gmt":"2023-05-09T14:41:24","slug":"storage-avancat","status":"publish","type":"page","link":"https:\/\/dltec.net\/ca\/storage-avancat\/","title":{"rendered":"Storage avan\u00e7at"},"content":{"rendered":"<p>[et_pb_section fb_built=&#8221;1&#8243; _builder_version=&#8221;4.20.4&#8243; _module_preset=&#8221;default&#8221; background_color=&#8221;#256C90&#8243; custom_padding=&#8221;50px||50px||true|false&#8221; global_colors_info=&#8221;{}&#8221; theme_builder_area=&#8221;post_content&#8221;][et_pb_row _builder_version=&#8221;4.20.4&#8243; _module_preset=&#8221;default&#8221; global_colors_info=&#8221;{}&#8221; theme_builder_area=&#8221;post_content&#8221;][et_pb_column type=&#8221;4_4&#8243; _builder_version=&#8221;4.20.4&#8243; _module_preset=&#8221;default&#8221; global_colors_info=&#8221;{}&#8221; theme_builder_area=&#8221;post_content&#8221;][et_pb_text _builder_version=&#8221;4.20.4&#8243; _dynamic_attributes=&#8221;content&#8221; _module_preset=&#8221;default&#8221; text_font=&#8221;Lexend Deca|800|||||||&#8221; text_text_color=&#8221;#FFFFFF&#8221; text_font_size=&#8221;30px&#8221; header_font=&#8221;Lexend Deca|800|||||||&#8221; header_text_align=&#8221;left&#8221; header_text_color=&#8221;#FFFFFF&#8221; header_font_size=&#8221;42px&#8221; global_colors_info=&#8221;{}&#8221; theme_builder_area=&#8221;post_content&#8221;]@ET-DC@eyJkeW5hbWljIjp0cnVlLCJjb250ZW50IjoicG9zdF90aXRsZSIsInNldHRpbmdzIjp7ImJlZm9yZSI6IiIsImFmdGVyIjoiIn19@[\/et_pb_text][\/et_pb_column][\/et_pb_row][\/et_pb_section][et_pb_section fb_built=&#8221;1&#8243; _builder_version=&#8221;4.20.4&#8243; _module_preset=&#8221;default&#8221; custom_padding=&#8221;40px||40px||true|false&#8221; global_colors_info=&#8221;{}&#8221; theme_builder_area=&#8221;post_content&#8221;][et_pb_row column_structure=&#8221;1_2,1_2&#8243; use_custom_gutter=&#8221;on&#8221; gutter_width=&#8221;3&#8243; make_equal=&#8221;on&#8221; _builder_version=&#8221;4.20.4&#8243; _module_preset=&#8221;default&#8221; global_colors_info=&#8221;{}&#8221; theme_builder_area=&#8221;post_content&#8221;][et_pb_column type=&#8221;1_2&#8243; _builder_version=&#8221;4.20.4&#8243; _module_preset=&#8221;default&#8221; global_colors_info=&#8221;{}&#8221; theme_builder_area=&#8221;post_content&#8221;][et_pb_text _builder_version=&#8221;4.20.4&#8243; _module_preset=&#8221;default&#8221; text_font_size=&#8221;18px&#8221; hover_enabled=&#8221;0&#8243; global_colors_info=&#8221;{}&#8221; theme_builder_area=&#8221;post_content&#8221; sticky_enabled=&#8221;0&#8243;]<\/p>\n<p><strong>DLtec<\/strong> <strong>Storage Avan\u00e7at<\/strong><span>.&amp;nbsp;\u00e9s l&#8217;elecci\u00f3 per a empreses que necessiten una soluci\u00f3 integral d&#8217;\u00faltima generaci\u00f3 o serveis a mida, que cobreixi les necessitats avan\u00e7ades d&#8217;emmagatzematge de dades (<em>Big data<\/em>) del seu negoci i s&#8217;ajusti al vostre pressupost.<\/span><\/p>\n<p><strong>DLtec<\/strong><span> <\/span>es recolza en la experi\u00e8ncia de m\u00e9s de 15 anys implantant i optimitzant sistemes de Storage en grans empreses amb necessitats complexes, aportant una metodologia de treball pr\u00f2pia que inclou totes les capacitats requerides per a utilitzar tecnologia de darrera generaci\u00f3 en el desenvolupament d\u2019una soluci\u00f3 a mida. A m\u00e9s, un altre recolzament important son les aliances estrat\u00e8giques amb els fabricants l\u00edders en equips de Storage.<\/p>\n<p>[\/et_pb_text][\/et_pb_column][et_pb_column type=&#8221;1_2&#8243; _builder_version=&#8221;4.20.4&#8243; _module_preset=&#8221;default&#8221; background_enable_image=&#8221;off&#8221; global_colors_info=&#8221;{}&#8221; theme_builder_area=&#8221;post_content&#8221;][et_pb_image src=&#8221;https:\/\/dltec.net\/wp-content\/uploads\/2023\/05\/jordan-harrison-40XgDxBfYXM-unsplash-scaled.jpg&#8221; title_text=&#8221;jordan-harrison-40XgDxBfYXM-unsplash&#8221; _builder_version=&#8221;4.20.4&#8243; _module_preset=&#8221;default&#8221; hover_enabled=&#8221;0&#8243; global_colors_info=&#8221;{}&#8221; theme_builder_area=&#8221;post_content&#8221; sticky_enabled=&#8221;0&#8243;][\/et_pb_image][\/et_pb_column][\/et_pb_row][et_pb_row use_custom_gutter=&#8221;on&#8221; gutter_width=&#8221;3&#8243; _builder_version=&#8221;4.20.4&#8243; _module_preset=&#8221;default&#8221; custom_margin=&#8221;30px||30px||true|false&#8221; custom_padding=&#8221;||||false&#8221; global_colors_info=&#8221;{}&#8221; theme_builder_area=&#8221;post_content&#8221;][et_pb_column type=&#8221;4_4&#8243; _builder_version=&#8221;4.20.4&#8243; _module_preset=&#8221;default&#8221; global_colors_info=&#8221;{}&#8221; theme_builder_area=&#8221;post_content&#8221;][et_pb_text _builder_version=&#8221;4.20.4&#8243; _module_preset=&#8221;default&#8221; hover_enabled=&#8221;0&#8243; global_colors_info=&#8221;{}&#8221; theme_builder_area=&#8221;post_content&#8221; sticky_enabled=&#8221;0&#8243;]<\/p>\n<p><strong>DLtec<\/strong><span> ofereix una soluci\u00f3 integral, que considera, entre d\u2019altres, els seg\u00fcents serveis: <\/span><\/p>\n<p>[\/et_pb_text][\/et_pb_column][\/et_pb_row][et_pb_row column_structure=&#8221;1_6,1_6,1_6,1_6,1_6,1_6&#8243; use_custom_gutter=&#8221;on&#8221; gutter_width=&#8221;2&#8243; make_equal=&#8221;on&#8221; _builder_version=&#8221;4.20.4&#8243; _module_preset=&#8221;default&#8221; custom_margin=&#8221;40px||40px||true|false&#8221; global_colors_info=&#8221;{}&#8221; theme_builder_area=&#8221;post_content&#8221;][et_pb_column type=&#8221;1_6&#8243; _builder_version=&#8221;4.20.4&#8243; _module_preset=&#8221;default&#8221; custom_padding=&#8221;|||15px|false|false&#8221; border_width_left=&#8221;3px&#8221; border_color_left=&#8221;#256C90&#8243; global_colors_info=&#8221;{}&#8221; theme_builder_area=&#8221;post_content&#8221;][et_pb_text _builder_version=&#8221;4.20.4&#8243; _module_preset=&#8221;default&#8221; text_font=&#8221;Lexend Deca|700|||||||&#8221; text_text_color=&#8221;#256C90&#8243; text_font_size=&#8221;18px&#8221; custom_padding=&#8221;||||false|false&#8221; hover_enabled=&#8221;0&#8243; border_color_left=&#8221;#256C90&#8243; global_colors_info=&#8221;{}&#8221; theme_builder_area=&#8221;post_content&#8221; sticky_enabled=&#8221;0&#8243;]<\/p>\n<p>An\u00e0lisi de tamanys i prestacions que requereix el client<\/p>\n<p>[\/et_pb_text][\/et_pb_column][et_pb_column type=&#8221;1_6&#8243; _builder_version=&#8221;4.20.4&#8243; _module_preset=&#8221;default&#8221; custom_padding=&#8221;|||15px|false|false&#8221; border_width_left=&#8221;3px&#8221; border_color_left=&#8221;#256C90&#8243; global_colors_info=&#8221;{}&#8221; theme_builder_area=&#8221;post_content&#8221;][et_pb_text _builder_version=&#8221;4.20.4&#8243; _module_preset=&#8221;default&#8221; text_font=&#8221;Lexend Deca|700|||||||&#8221; text_text_color=&#8221;#256C90&#8243; text_font_size=&#8221;18px&#8221; custom_padding=&#8221;||||false|false&#8221; hover_enabled=&#8221;0&#8243; border_color_left=&#8221;#256C90&#8243; global_colors_info=&#8221;{}&#8221; theme_builder_area=&#8221;post_content&#8221; sticky_enabled=&#8221;0&#8243;]<\/p>\n<p>Disseny de la soluci\u00f3<\/p>\n<p>[\/et_pb_text][\/et_pb_column][et_pb_column type=&#8221;1_6&#8243; _builder_version=&#8221;4.20.4&#8243; _module_preset=&#8221;default&#8221; custom_padding=&#8221;|||15px|false|false&#8221; border_width_left=&#8221;3px&#8221; border_color_left=&#8221;#256C90&#8243; global_colors_info=&#8221;{}&#8221; theme_builder_area=&#8221;post_content&#8221;][et_pb_text _builder_version=&#8221;4.20.4&#8243; _module_preset=&#8221;default&#8221; text_font=&#8221;Lexend Deca|700|||||||&#8221; text_text_color=&#8221;#256C90&#8243; text_font_size=&#8221;18px&#8221; custom_padding=&#8221;||||false|false&#8221; hover_enabled=&#8221;0&#8243; border_color_left=&#8221;#256C90&#8243; global_colors_info=&#8221;{}&#8221; theme_builder_area=&#8221;post_content&#8221; sticky_enabled=&#8221;0&#8243;]<\/p>\n<p>Desenvolupament d\u2019una oferta econ\u00f2mica ajustada a les necessitats del negoci i al pressupost del client<\/p>\n<p>[\/et_pb_text][\/et_pb_column][et_pb_column type=&#8221;1_6&#8243; _builder_version=&#8221;4.20.4&#8243; _module_preset=&#8221;default&#8221; custom_padding=&#8221;|||15px|false|false&#8221; border_width_left=&#8221;3px&#8221; border_color_left=&#8221;#256C90&#8243; global_colors_info=&#8221;{}&#8221; theme_builder_area=&#8221;post_content&#8221;][et_pb_text _builder_version=&#8221;4.20.4&#8243; _module_preset=&#8221;default&#8221; text_font=&#8221;Lexend Deca|700|||||||&#8221; text_text_color=&#8221;#256C90&#8243; text_font_size=&#8221;18px&#8221; custom_padding=&#8221;||||false|false&#8221; hover_enabled=&#8221;0&#8243; border_color_left=&#8221;#256C90&#8243; global_colors_info=&#8221;{}&#8221; theme_builder_area=&#8221;post_content&#8221; sticky_enabled=&#8221;0&#8243;]<\/p>\n<p>Implementaci\u00f3 i instal\u00b7laci\u00f3<\/p>\n<p>[\/et_pb_text][\/et_pb_column][et_pb_column type=&#8221;1_6&#8243; _builder_version=&#8221;4.20.4&#8243; _module_preset=&#8221;default&#8221; custom_padding=&#8221;|||15px|false|false&#8221; border_width_left=&#8221;3px&#8221; border_color_left=&#8221;#256C90&#8243; global_colors_info=&#8221;{}&#8221; theme_builder_area=&#8221;post_content&#8221;][et_pb_text _builder_version=&#8221;4.20.4&#8243; _module_preset=&#8221;default&#8221; text_font=&#8221;Lexend Deca|700|||||||&#8221; text_text_color=&#8221;#256C90&#8243; text_font_size=&#8221;18px&#8221; custom_padding=&#8221;||||false|false&#8221; hover_enabled=&#8221;0&#8243; border_color_left=&#8221;#256C90&#8243; global_colors_info=&#8221;{}&#8221; theme_builder_area=&#8221;post_content&#8221; sticky_enabled=&#8221;0&#8243;]<\/p>\n<p>Ajustaments i validaci\u00f3<\/p>\n<p>[\/et_pb_text][\/et_pb_column][et_pb_column type=&#8221;1_6&#8243; _builder_version=&#8221;4.20.4&#8243; _module_preset=&#8221;default&#8221; custom_padding=&#8221;|||15px|false|false&#8221; border_width_left=&#8221;3px&#8221; border_color_left=&#8221;#256C90&#8243; global_colors_info=&#8221;{}&#8221; theme_builder_area=&#8221;post_content&#8221;][et_pb_text _builder_version=&#8221;4.20.4&#8243; _module_preset=&#8221;default&#8221; text_font=&#8221;Lexend Deca|700|||||||&#8221; text_text_color=&#8221;#256C90&#8243; text_font_size=&#8221;18px&#8221; custom_padding=&#8221;||||false|false&#8221; hover_enabled=&#8221;0&#8243; border_color_left=&#8221;#256C90&#8243; global_colors_info=&#8221;{}&#8221; theme_builder_area=&#8221;post_content&#8221; sticky_enabled=&#8221;0&#8243;]<\/p>\n<p>Monitoritzaci\u00f3 i actualitzacions<\/p>\n<p>[\/et_pb_text][\/et_pb_column][\/et_pb_row][\/et_pb_section]<\/p>\n","protected":false},"excerpt":{"rendered":"<p>DLtec Storage Avan\u00e7at.&amp;nbsp;\u00e9s l&#8217;elecci\u00f3 per a empreses que necessiten una soluci\u00f3 integral d&#8217;\u00faltima generaci\u00f3 o serveis a mida, que cobreixi les necessitats avan\u00e7ades d&#8217;emmagatzematge de dades (Big data) del seu negoci i s&#8217;ajusti al vostre pressupost. DLtec es recolza en la experi\u00e8ncia de m\u00e9s de 15 anys implantant i optimitzant sistemes de Storage en grans [&hellip;]<\/p>\n","protected":false},"author":1,"featured_media":0,"parent":0,"menu_order":0,"comment_status":"closed","ping_status":"closed","template":"","meta":{"_et_pb_use_builder":"on","_et_pb_old_content":"","_et_gb_content_width":"","footnotes":""},"class_list":["post-657","page","type-page","status-publish","hentry"],"yoast_head":"<!-- This site is optimized with the Yoast SEO plugin v20.8 - https:\/\/yoast.com\/wordpress\/plugins\/seo\/ -->\n<title>Storage avan\u00e7at - Datalab<\/title>\n<meta name=\"robots\" content=\"index, follow, max-snippet:-1, max-image-preview:large, max-video-preview:-1\" \/>\n<link rel=\"canonical\" href=\"https:\/\/dltec.net\/ca\/storage-avancat\/\" \/>\n<meta property=\"og:locale\" content=\"ca_ES\" \/>\n<meta property=\"og:type\" content=\"article\" \/>\n<meta property=\"og:title\" content=\"Storage avan\u00e7at - Datalab\" \/>\n<meta property=\"og:description\" content=\"DLtec Storage Avan\u00e7at.&amp;nbsp;\u00e9s l&#039;elecci\u00f3 per a empreses que necessiten una soluci\u00f3 integral d&#039;\u00faltima generaci\u00f3 o serveis a mida, que cobreixi les necessitats avan\u00e7ades d&#039;emmagatzematge de dades (Big data) del seu negoci i s&#039;ajusti al vostre pressupost. DLtec es recolza en la experi\u00e8ncia de m\u00e9s de 15 anys implantant i optimitzant sistemes de Storage en grans [&hellip;]\" \/>\n<meta property=\"og:url\" content=\"https:\/\/dltec.net\/ca\/storage-avancat\/\" \/>\n<meta property=\"og:site_name\" content=\"Datalab\" \/>\n<meta property=\"article:modified_time\" content=\"2023-05-09T14:41:24+00:00\" \/>\n<meta name=\"twitter:card\" content=\"summary_large_image\" \/>\n<meta name=\"twitter:label1\" content=\"Temps estimat de lectura\" \/>\n\t<meta name=\"twitter:data1\" content=\"5 minuts\" \/>\n<script type=\"application\/ld+json\" class=\"yoast-schema-graph\">{\"@context\":\"https:\/\/schema.org\",\"@graph\":[{\"@type\":\"WebPage\",\"@id\":\"https:\/\/dltec.net\/ca\/storage-avancat\/\",\"url\":\"https:\/\/dltec.net\/ca\/storage-avancat\/\",\"name\":\"Storage avan\u00e7at - Datalab\",\"isPartOf\":{\"@id\":\"https:\/\/dltec.net\/ca\/#website\"},\"datePublished\":\"2023-05-08T10:53:56+00:00\",\"dateModified\":\"2023-05-09T14:41:24+00:00\",\"breadcrumb\":{\"@id\":\"https:\/\/dltec.net\/ca\/storage-avancat\/#breadcrumb\"},\"inLanguage\":\"ca\",\"potentialAction\":[{\"@type\":\"ReadAction\",\"target\":[\"https:\/\/dltec.net\/ca\/storage-avancat\/\"]}]},{\"@type\":\"BreadcrumbList\",\"@id\":\"https:\/\/dltec.net\/ca\/storage-avancat\/#breadcrumb\",\"itemListElement\":[{\"@type\":\"ListItem\",\"position\":1,\"name\":\"Portada\",\"item\":\"https:\/\/dltec.net\/ca\/\"},{\"@type\":\"ListItem\",\"position\":2,\"name\":\"Storage avan\u00e7at\"}]},{\"@type\":\"WebSite\",\"@id\":\"https:\/\/dltec.net\/ca\/#website\",\"url\":\"https:\/\/dltec.net\/ca\/\",\"name\":\"Datalab\",\"description\":\"\",\"potentialAction\":[{\"@type\":\"SearchAction\",\"target\":{\"@type\":\"EntryPoint\",\"urlTemplate\":\"https:\/\/dltec.net\/ca\/?s={search_term_string}\"},\"query-input\":\"required name=search_term_string\"}],\"inLanguage\":\"ca\"}]}<\/script>\n<!-- \/ Yoast SEO plugin. -->","yoast_head_json":{"title":"Storage avan\u00e7at - Datalab","robots":{"index":"index","follow":"follow","max-snippet":"max-snippet:-1","max-image-preview":"max-image-preview:large","max-video-preview":"max-video-preview:-1"},"canonical":"https:\/\/dltec.net\/ca\/storage-avancat\/","og_locale":"ca_ES","og_type":"article","og_title":"Storage avan\u00e7at - Datalab","og_description":"DLtec Storage Avan\u00e7at.&amp;nbsp;\u00e9s l'elecci\u00f3 per a empreses que necessiten una soluci\u00f3 integral d'\u00faltima generaci\u00f3 o serveis a mida, que cobreixi les necessitats avan\u00e7ades d'emmagatzematge de dades (Big data) del seu negoci i s'ajusti al vostre pressupost. DLtec es recolza en la experi\u00e8ncia de m\u00e9s de 15 anys implantant i optimitzant sistemes de Storage en grans [&hellip;]","og_url":"https:\/\/dltec.net\/ca\/storage-avancat\/","og_site_name":"Datalab","article_modified_time":"2023-05-09T14:41:24+00:00","twitter_card":"summary_large_image","twitter_misc":{"Temps estimat de lectura":"5 minuts"},"schema":{"@context":"https:\/\/schema.org","@graph":[{"@type":"WebPage","@id":"https:\/\/dltec.net\/ca\/storage-avancat\/","url":"https:\/\/dltec.net\/ca\/storage-avancat\/","name":"Storage avan\u00e7at - Datalab","isPartOf":{"@id":"https:\/\/dltec.net\/ca\/#website"},"datePublished":"2023-05-08T10:53:56+00:00","dateModified":"2023-05-09T14:41:24+00:00","breadcrumb":{"@id":"https:\/\/dltec.net\/ca\/storage-avancat\/#breadcrumb"},"inLanguage":"ca","potentialAction":[{"@type":"ReadAction","target":["https:\/\/dltec.net\/ca\/storage-avancat\/"]}]},{"@type":"BreadcrumbList","@id":"https:\/\/dltec.net\/ca\/storage-avancat\/#breadcrumb","itemListElement":[{"@type":"ListItem","position":1,"name":"Portada","item":"https:\/\/dltec.net\/ca\/"},{"@type":"ListItem","position":2,"name":"Storage avan\u00e7at"}]},{"@type":"WebSite","@id":"https:\/\/dltec.net\/ca\/#website","url":"https:\/\/dltec.net\/ca\/","name":"Datalab","description":"","potentialAction":[{"@type":"SearchAction","target":{"@type":"EntryPoint","urlTemplate":"https:\/\/dltec.net\/ca\/?s={search_term_string}"},"query-input":"required name=search_term_string"}],"inLanguage":"ca"}]}},"_links":{"self":[{"href":"https:\/\/dltec.net\/ca\/wp-json\/wp\/v2\/pages\/657","targetHints":{"allow":["GET"]}}],"collection":[{"href":"https:\/\/dltec.net\/ca\/wp-json\/wp\/v2\/pages"}],"about":[{"href":"https:\/\/dltec.net\/ca\/wp-json\/wp\/v2\/types\/page"}],"author":[{"embeddable":true,"href":"https:\/\/dltec.net\/ca\/wp-json\/wp\/v2\/users\/1"}],"replies":[{"embeddable":true,"href":"https:\/\/dltec.net\/ca\/wp-json\/wp\/v2\/comments?post=657"}],"version-history":[{"count":2,"href":"https:\/\/dltec.net\/ca\/wp-json\/wp\/v2\/pages\/657\/revisions"}],"predecessor-version":[{"id":659,"href":"https:\/\/dltec.net\/ca\/wp-json\/wp\/v2\/pages\/657\/revisions\/659"}],"wp:attachment":[{"href":"https:\/\/dltec.net\/ca\/wp-json\/wp\/v2\/media?parent=657"}],"curies":[{"name":"wp","href":"https:\/\/api.w.org\/{rel}","templated":true}]}}