{"id":645,"date":"2023-05-08T12:52:44","date_gmt":"2023-05-08T10:52:44","guid":{"rendered":"https:\/\/dltec.net\/solucions-corporatives\/"},"modified":"2023-05-09T16:32:56","modified_gmt":"2023-05-09T14:32:56","slug":"solucions-corporatives","status":"publish","type":"page","link":"https:\/\/dltec.net\/ca\/solucions-corporatives\/","title":{"rendered":"Solucions corporatives"},"content":{"rendered":"<p>[et_pb_section fb_built=&#8221;1&#8243; _builder_version=&#8221;4.20.4&#8243; _module_preset=&#8221;default&#8221; background_color=&#8221;#256C90&#8243; custom_padding=&#8221;50px||50px||true|false&#8221; global_colors_info=&#8221;{}&#8221; theme_builder_area=&#8221;post_content&#8221;][et_pb_row _builder_version=&#8221;4.20.4&#8243; _module_preset=&#8221;default&#8221; global_colors_info=&#8221;{}&#8221; theme_builder_area=&#8221;post_content&#8221;][et_pb_column type=&#8221;4_4&#8243; _builder_version=&#8221;4.20.4&#8243; _module_preset=&#8221;default&#8221; global_colors_info=&#8221;{}&#8221; theme_builder_area=&#8221;post_content&#8221;][et_pb_text _builder_version=&#8221;4.20.4&#8243; _dynamic_attributes=&#8221;content&#8221; _module_preset=&#8221;default&#8221; text_font=&#8221;Lexend Deca|800|||||||&#8221; text_text_color=&#8221;#FFFFFF&#8221; text_font_size=&#8221;30px&#8221; header_font=&#8221;Lexend Deca|800|||||||&#8221; header_text_align=&#8221;left&#8221; header_text_color=&#8221;#FFFFFF&#8221; header_font_size=&#8221;42px&#8221; global_colors_info=&#8221;{}&#8221; theme_builder_area=&#8221;post_content&#8221;]@ET-DC@eyJkeW5hbWljIjp0cnVlLCJjb250ZW50IjoicG9zdF90aXRsZSIsInNldHRpbmdzIjp7ImJlZm9yZSI6IiIsImFmdGVyIjoiIn19@[\/et_pb_text][\/et_pb_column][\/et_pb_row][\/et_pb_section][et_pb_section fb_built=&#8221;1&#8243; _builder_version=&#8221;4.20.4&#8243; _module_preset=&#8221;default&#8221; custom_padding=&#8221;40px||40px||true|false&#8221; global_colors_info=&#8221;{}&#8221; theme_builder_area=&#8221;post_content&#8221;][et_pb_row column_structure=&#8221;1_2,1_2&#8243; use_custom_gutter=&#8221;on&#8221; gutter_width=&#8221;3&#8243; _builder_version=&#8221;4.20.4&#8243; _module_preset=&#8221;default&#8221; global_colors_info=&#8221;{}&#8221; theme_builder_area=&#8221;post_content&#8221;][et_pb_column type=&#8221;1_2&#8243; _builder_version=&#8221;4.20.4&#8243; _module_preset=&#8221;default&#8221; global_colors_info=&#8221;{}&#8221; theme_builder_area=&#8221;post_content&#8221;][et_pb_text _builder_version=&#8221;4.20.4&#8243; _module_preset=&#8221;default&#8221; hover_enabled=&#8221;0&#8243; global_colors_info=&#8221;{}&#8221; theme_builder_area=&#8221;post_content&#8221; sticky_enabled=&#8221;0&#8243;]<\/p>\n<h3><em>Implementaci\u00f3 de solucions corporatives<\/em><\/h3>\n<p><em><\/em><\/p>\n<p>Despr\u00e9s d&#8217;anys d&#8217;experi\u00e8ncia analitzant problem\u00e0tiques i instal\u00b7lant productes de diferent tecnologia, per tal de cobrir funcionalitats diverses a la infraestructura de tecnologies de la informaci\u00f3,<span> <\/span><strong>DLtec<\/strong><span> <\/span>est\u00e0 en disposici\u00f3 d&#8217;oferir solucions completes i estrat\u00e8giques.<\/p>\n<p>Solucions que poden resoldre, a llarg termini, necessitats com la de laugment de la capacitat demmagatzematge o lacc\u00e9s remot al lloc de treball. Tamb\u00e9 podem oferir un conjunt de productes Open Source, tant d&#8217;infraestructura com d&#8217;aplicacions, que permeten reduir el cost de la soluci\u00f3 sense p\u00e8rdua de funcionalitats.<\/p>\n<p>[\/et_pb_text][\/et_pb_column][et_pb_column type=&#8221;1_2&#8243; _builder_version=&#8221;4.20.4&#8243; _module_preset=&#8221;default&#8221; global_colors_info=&#8221;{}&#8221; theme_builder_area=&#8221;post_content&#8221;][et_pb_image src=&#8221;https:\/\/dltec.net\/wp-content\/uploads\/2023\/04\/1.jpg&#8221; title_text=&#8221;1&#8243; _builder_version=&#8221;4.20.4&#8243; _module_preset=&#8221;default&#8221; global_colors_info=&#8221;{}&#8221; theme_builder_area=&#8221;post_content&#8221;][\/et_pb_image][\/et_pb_column][\/et_pb_row][\/et_pb_section]<\/p>\n","protected":false},"excerpt":{"rendered":"<p>Implementaci\u00f3 de solucions corporatives Despr\u00e9s d&#8217;anys d&#8217;experi\u00e8ncia analitzant problem\u00e0tiques i instal\u00b7lant productes de diferent tecnologia, per tal de cobrir funcionalitats diverses a la infraestructura de tecnologies de la informaci\u00f3, DLtec est\u00e0 en disposici\u00f3 d&#8217;oferir solucions completes i estrat\u00e8giques. Solucions que poden resoldre, a llarg termini, necessitats com la de laugment de la capacitat demmagatzematge o [&hellip;]<\/p>\n","protected":false},"author":1,"featured_media":0,"parent":0,"menu_order":0,"comment_status":"closed","ping_status":"closed","template":"","meta":{"_et_pb_use_builder":"on","_et_pb_old_content":"","_et_gb_content_width":"","footnotes":""},"class_list":["post-645","page","type-page","status-publish","hentry"],"yoast_head":"<!-- This site is optimized with the Yoast SEO plugin v20.8 - https:\/\/yoast.com\/wordpress\/plugins\/seo\/ -->\n<title>Solucions corporatives - Datalab<\/title>\n<meta name=\"robots\" content=\"index, follow, max-snippet:-1, max-image-preview:large, max-video-preview:-1\" \/>\n<link rel=\"canonical\" href=\"https:\/\/dltec.net\/ca\/solucions-corporatives\/\" \/>\n<meta property=\"og:locale\" content=\"ca_ES\" \/>\n<meta property=\"og:type\" content=\"article\" \/>\n<meta property=\"og:title\" content=\"Solucions corporatives - Datalab\" \/>\n<meta property=\"og:description\" content=\"Implementaci\u00f3 de solucions corporatives Despr\u00e9s d&#039;anys d&#039;experi\u00e8ncia analitzant problem\u00e0tiques i instal\u00b7lant productes de diferent tecnologia, per tal de cobrir funcionalitats diverses a la infraestructura de tecnologies de la informaci\u00f3, DLtec est\u00e0 en disposici\u00f3 d&#039;oferir solucions completes i estrat\u00e8giques. Solucions que poden resoldre, a llarg termini, necessitats com la de laugment de la capacitat demmagatzematge o [&hellip;]\" \/>\n<meta property=\"og:url\" content=\"https:\/\/dltec.net\/ca\/solucions-corporatives\/\" \/>\n<meta property=\"og:site_name\" content=\"Datalab\" \/>\n<meta property=\"article:modified_time\" content=\"2023-05-09T14:32:56+00:00\" \/>\n<meta name=\"twitter:card\" content=\"summary_large_image\" \/>\n<meta name=\"twitter:label1\" content=\"Temps estimat de lectura\" \/>\n\t<meta name=\"twitter:data1\" content=\"2 minuts\" \/>\n<script type=\"application\/ld+json\" class=\"yoast-schema-graph\">{\"@context\":\"https:\/\/schema.org\",\"@graph\":[{\"@type\":\"WebPage\",\"@id\":\"https:\/\/dltec.net\/ca\/solucions-corporatives\/\",\"url\":\"https:\/\/dltec.net\/ca\/solucions-corporatives\/\",\"name\":\"Solucions corporatives - Datalab\",\"isPartOf\":{\"@id\":\"https:\/\/dltec.net\/ca\/#website\"},\"datePublished\":\"2023-05-08T10:52:44+00:00\",\"dateModified\":\"2023-05-09T14:32:56+00:00\",\"breadcrumb\":{\"@id\":\"https:\/\/dltec.net\/ca\/solucions-corporatives\/#breadcrumb\"},\"inLanguage\":\"ca\",\"potentialAction\":[{\"@type\":\"ReadAction\",\"target\":[\"https:\/\/dltec.net\/ca\/solucions-corporatives\/\"]}]},{\"@type\":\"BreadcrumbList\",\"@id\":\"https:\/\/dltec.net\/ca\/solucions-corporatives\/#breadcrumb\",\"itemListElement\":[{\"@type\":\"ListItem\",\"position\":1,\"name\":\"Portada\",\"item\":\"https:\/\/dltec.net\/ca\/\"},{\"@type\":\"ListItem\",\"position\":2,\"name\":\"Solucions corporatives\"}]},{\"@type\":\"WebSite\",\"@id\":\"https:\/\/dltec.net\/ca\/#website\",\"url\":\"https:\/\/dltec.net\/ca\/\",\"name\":\"Datalab\",\"description\":\"\",\"potentialAction\":[{\"@type\":\"SearchAction\",\"target\":{\"@type\":\"EntryPoint\",\"urlTemplate\":\"https:\/\/dltec.net\/ca\/?s={search_term_string}\"},\"query-input\":\"required name=search_term_string\"}],\"inLanguage\":\"ca\"}]}<\/script>\n<!-- \/ Yoast SEO plugin. -->","yoast_head_json":{"title":"Solucions corporatives - Datalab","robots":{"index":"index","follow":"follow","max-snippet":"max-snippet:-1","max-image-preview":"max-image-preview:large","max-video-preview":"max-video-preview:-1"},"canonical":"https:\/\/dltec.net\/ca\/solucions-corporatives\/","og_locale":"ca_ES","og_type":"article","og_title":"Solucions corporatives - Datalab","og_description":"Implementaci\u00f3 de solucions corporatives Despr\u00e9s d'anys d'experi\u00e8ncia analitzant problem\u00e0tiques i instal\u00b7lant productes de diferent tecnologia, per tal de cobrir funcionalitats diverses a la infraestructura de tecnologies de la informaci\u00f3, DLtec est\u00e0 en disposici\u00f3 d'oferir solucions completes i estrat\u00e8giques. Solucions que poden resoldre, a llarg termini, necessitats com la de laugment de la capacitat demmagatzematge o [&hellip;]","og_url":"https:\/\/dltec.net\/ca\/solucions-corporatives\/","og_site_name":"Datalab","article_modified_time":"2023-05-09T14:32:56+00:00","twitter_card":"summary_large_image","twitter_misc":{"Temps estimat de lectura":"2 minuts"},"schema":{"@context":"https:\/\/schema.org","@graph":[{"@type":"WebPage","@id":"https:\/\/dltec.net\/ca\/solucions-corporatives\/","url":"https:\/\/dltec.net\/ca\/solucions-corporatives\/","name":"Solucions corporatives - Datalab","isPartOf":{"@id":"https:\/\/dltec.net\/ca\/#website"},"datePublished":"2023-05-08T10:52:44+00:00","dateModified":"2023-05-09T14:32:56+00:00","breadcrumb":{"@id":"https:\/\/dltec.net\/ca\/solucions-corporatives\/#breadcrumb"},"inLanguage":"ca","potentialAction":[{"@type":"ReadAction","target":["https:\/\/dltec.net\/ca\/solucions-corporatives\/"]}]},{"@type":"BreadcrumbList","@id":"https:\/\/dltec.net\/ca\/solucions-corporatives\/#breadcrumb","itemListElement":[{"@type":"ListItem","position":1,"name":"Portada","item":"https:\/\/dltec.net\/ca\/"},{"@type":"ListItem","position":2,"name":"Solucions corporatives"}]},{"@type":"WebSite","@id":"https:\/\/dltec.net\/ca\/#website","url":"https:\/\/dltec.net\/ca\/","name":"Datalab","description":"","potentialAction":[{"@type":"SearchAction","target":{"@type":"EntryPoint","urlTemplate":"https:\/\/dltec.net\/ca\/?s={search_term_string}"},"query-input":"required name=search_term_string"}],"inLanguage":"ca"}]}},"_links":{"self":[{"href":"https:\/\/dltec.net\/ca\/wp-json\/wp\/v2\/pages\/645","targetHints":{"allow":["GET"]}}],"collection":[{"href":"https:\/\/dltec.net\/ca\/wp-json\/wp\/v2\/pages"}],"about":[{"href":"https:\/\/dltec.net\/ca\/wp-json\/wp\/v2\/types\/page"}],"author":[{"embeddable":true,"href":"https:\/\/dltec.net\/ca\/wp-json\/wp\/v2\/users\/1"}],"replies":[{"embeddable":true,"href":"https:\/\/dltec.net\/ca\/wp-json\/wp\/v2\/comments?post=645"}],"version-history":[{"count":2,"href":"https:\/\/dltec.net\/ca\/wp-json\/wp\/v2\/pages\/645\/revisions"}],"predecessor-version":[{"id":647,"href":"https:\/\/dltec.net\/ca\/wp-json\/wp\/v2\/pages\/645\/revisions\/647"}],"wp:attachment":[{"href":"https:\/\/dltec.net\/ca\/wp-json\/wp\/v2\/media?parent=645"}],"curies":[{"name":"wp","href":"https:\/\/api.w.org\/{rel}","templated":true}]}}