{"id":639,"date":"2023-05-08T12:54:27","date_gmt":"2023-05-08T10:54:27","guid":{"rendered":"https:\/\/dltec.net\/open-source\/"},"modified":"2023-05-09T16:28:31","modified_gmt":"2023-05-09T14:28:31","slug":"open-source","status":"publish","type":"page","link":"https:\/\/dltec.net\/ca\/open-source\/","title":{"rendered":"Open Source"},"content":{"rendered":"<p>[et_pb_section fb_built=&#8221;1&#8243; _builder_version=&#8221;4.20.4&#8243; _module_preset=&#8221;default&#8221; background_color=&#8221;#256C90&#8243; custom_padding=&#8221;50px||50px||true|false&#8221; global_colors_info=&#8221;{}&#8221; theme_builder_area=&#8221;post_content&#8221;][et_pb_row _builder_version=&#8221;4.20.4&#8243; _module_preset=&#8221;default&#8221; global_colors_info=&#8221;{}&#8221; theme_builder_area=&#8221;post_content&#8221;][et_pb_column type=&#8221;4_4&#8243; _builder_version=&#8221;4.20.4&#8243; _module_preset=&#8221;default&#8221; global_colors_info=&#8221;{}&#8221; theme_builder_area=&#8221;post_content&#8221;][et_pb_text _builder_version=&#8221;4.20.4&#8243; _dynamic_attributes=&#8221;content&#8221; _module_preset=&#8221;default&#8221; text_font=&#8221;Lexend Deca|800|||||||&#8221; text_text_color=&#8221;#FFFFFF&#8221; text_font_size=&#8221;30px&#8221; header_font=&#8221;Lexend Deca|800|||||||&#8221; header_text_align=&#8221;left&#8221; header_text_color=&#8221;#FFFFFF&#8221; header_font_size=&#8221;42px&#8221; global_colors_info=&#8221;{}&#8221; theme_builder_area=&#8221;post_content&#8221;]@ET-DC@eyJkeW5hbWljIjp0cnVlLCJjb250ZW50IjoicG9zdF90aXRsZSIsInNldHRpbmdzIjp7ImJlZm9yZSI6IiIsImFmdGVyIjoiIn19@[\/et_pb_text][\/et_pb_column][\/et_pb_row][\/et_pb_section][et_pb_section fb_built=&#8221;1&#8243; _builder_version=&#8221;4.20.4&#8243; _module_preset=&#8221;default&#8221; custom_padding=&#8221;40px||40px||true|false&#8221; global_colors_info=&#8221;{}&#8221; theme_builder_area=&#8221;post_content&#8221;][et_pb_row column_structure=&#8221;1_2,1_2&#8243; use_custom_gutter=&#8221;on&#8221; gutter_width=&#8221;3&#8243; make_equal=&#8221;on&#8221; _builder_version=&#8221;4.20.4&#8243; _module_preset=&#8221;default&#8221; global_colors_info=&#8221;{}&#8221; theme_builder_area=&#8221;post_content&#8221;][et_pb_column type=&#8221;1_2&#8243; _builder_version=&#8221;4.20.4&#8243; _module_preset=&#8221;default&#8221; global_colors_info=&#8221;{}&#8221; theme_builder_area=&#8221;post_content&#8221;][et_pb_text _builder_version=&#8221;4.20.4&#8243; _module_preset=&#8221;default&#8221; text_font_size=&#8221;18px&#8221; hover_enabled=&#8221;0&#8243; global_colors_info=&#8221;{}&#8221; theme_builder_area=&#8221;post_content&#8221; sticky_enabled=&#8221;0&#8243;]<\/p>\n<p><strong>Dltec Solucions Open Source<\/strong>, implanta solucions de codi obert innovadores, eficaces, solvents i rendibles.<\/p>\n<p>El equip de professionals de<span> <\/span><strong>DLtec<\/strong><span> <\/span>ajuda als seus clients a implementar i administrar solucions de codi lliure de manera efica\u00e7 i, d\u2019aquesta manera, aconseguir un rendiment elevat en la seva gesti\u00f3 al reduir les despeses de infraestructura i llicencies, incrementar la flexibilitat i millorar la seguretat.<\/p>\n<p>L\u2019aposta de<span> <\/span><strong>Dltec <\/strong><span> <\/span>per el software lliure inclou identificar, analitzar, testejar i adaptar el millor software lliure existent en el mercat per garantir als seus clients la implementaci\u00f3 de solucions \u00f2ptimes, flexibles i madures.<\/p>\n<p>[\/et_pb_text][\/et_pb_column][et_pb_column type=&#8221;1_2&#8243; _builder_version=&#8221;4.20.4&#8243; _module_preset=&#8221;default&#8221; background_enable_image=&#8221;off&#8221; global_colors_info=&#8221;{}&#8221; theme_builder_area=&#8221;post_content&#8221;][et_pb_image src=&#8221;https:\/\/dltec.net\/wp-content\/uploads\/2023\/05\/markus-spiske-8OyKWQgBsKQ-unsplash-scaled.jpg&#8221; title_text=&#8221;markus-spiske-8OyKWQgBsKQ-unsplash&#8221; _builder_version=&#8221;4.20.4&#8243; _module_preset=&#8221;default&#8221; hover_enabled=&#8221;0&#8243; global_colors_info=&#8221;{}&#8221; theme_builder_area=&#8221;post_content&#8221; sticky_enabled=&#8221;0&#8243;][\/et_pb_image][\/et_pb_column][\/et_pb_row][et_pb_row use_custom_gutter=&#8221;on&#8221; gutter_width=&#8221;3&#8243; _builder_version=&#8221;4.20.4&#8243; _module_preset=&#8221;default&#8221; custom_margin=&#8221;30px||30px||true|false&#8221; custom_padding=&#8221;||||false&#8221; global_colors_info=&#8221;{}&#8221; theme_builder_area=&#8221;post_content&#8221;][et_pb_column type=&#8221;4_4&#8243; _builder_version=&#8221;4.20.4&#8243; _module_preset=&#8221;default&#8221; global_colors_info=&#8221;{}&#8221; theme_builder_area=&#8221;post_content&#8221;][et_pb_text _builder_version=&#8221;4.20.4&#8243; _module_preset=&#8221;default&#8221; hover_enabled=&#8221;0&#8243; global_colors_info=&#8221;{}&#8221; theme_builder_area=&#8221;post_content&#8221; sticky_enabled=&#8221;0&#8243;]<\/p>\n<p><span>Les solucions Open Source cobreixen les necessitats de les empreses que estiguin obertes a apostar per una soluci\u00f3 independent a la tradicional filosofia de pagament per llicencia i precisen:<\/span><\/p>\n<p>[\/et_pb_text][\/et_pb_column][\/et_pb_row][et_pb_row column_structure=&#8221;1_2,1_2&#8243; use_custom_gutter=&#8221;on&#8221; gutter_width=&#8221;2&#8243; make_equal=&#8221;on&#8221; _builder_version=&#8221;4.20.4&#8243; _module_preset=&#8221;default&#8221; custom_margin=&#8221;40px||40px||true|false&#8221; global_colors_info=&#8221;{}&#8221; theme_builder_area=&#8221;post_content&#8221;][et_pb_column type=&#8221;1_2&#8243; _builder_version=&#8221;4.20.4&#8243; _module_preset=&#8221;default&#8221; custom_padding=&#8221;|||15px|false|false&#8221; border_width_left=&#8221;3px&#8221; border_color_left=&#8221;#256C90&#8243; global_colors_info=&#8221;{}&#8221; theme_builder_area=&#8221;post_content&#8221;][et_pb_text _builder_version=&#8221;4.20.4&#8243; _module_preset=&#8221;default&#8221; text_font=&#8221;Lexend Deca|700|||||||&#8221; text_text_color=&#8221;#256C90&#8243; text_font_size=&#8221;18px&#8221; custom_padding=&#8221;||||false|false&#8221; hover_enabled=&#8221;0&#8243; border_color_left=&#8221;#256C90&#8243; global_colors_info=&#8221;{}&#8221; theme_builder_area=&#8221;post_content&#8221; sticky_enabled=&#8221;0&#8243;]<\/p>\n<p>Desenvolupar e implementar noves aplicacions empresarials amb tecnologia est\u00e0ndard per poder compartir i intercanviar informaci\u00f3 amb qualsevol altre aplicaci\u00f3.<\/p>\n<p>[\/et_pb_text][\/et_pb_column][et_pb_column type=&#8221;1_2&#8243; _builder_version=&#8221;4.20.4&#8243; _module_preset=&#8221;default&#8221; custom_padding=&#8221;|||15px|false|false&#8221; border_width_left=&#8221;3px&#8221; border_color_left=&#8221;#256C90&#8243; global_colors_info=&#8221;{}&#8221; theme_builder_area=&#8221;post_content&#8221;][et_pb_text _builder_version=&#8221;4.20.4&#8243; _module_preset=&#8221;default&#8221; text_font=&#8221;Lexend Deca|700|||||||&#8221; text_text_color=&#8221;#256C90&#8243; text_font_size=&#8221;18px&#8221; custom_padding=&#8221;||||false|false&#8221; hover_enabled=&#8221;0&#8243; border_color_left=&#8221;#256C90&#8243; global_colors_info=&#8221;{}&#8221; theme_builder_area=&#8221;post_content&#8221; sticky_enabled=&#8221;0&#8243;]<\/p>\n<p>Evolucionar la plataforma i les aplicacions empresarials amb una despesa controlada.<\/p>\n<p>[\/et_pb_text][\/et_pb_column][\/et_pb_row][\/et_pb_section]<\/p>\n","protected":false},"excerpt":{"rendered":"<p>Dltec Solucions Open Source, implanta solucions de codi obert innovadores, eficaces, solvents i rendibles. El equip de professionals de DLtec ajuda als seus clients a implementar i administrar solucions de codi lliure de manera efica\u00e7 i, d\u2019aquesta manera, aconseguir un rendiment elevat en la seva gesti\u00f3 al reduir les despeses de infraestructura i llicencies, incrementar [&hellip;]<\/p>\n","protected":false},"author":1,"featured_media":0,"parent":0,"menu_order":0,"comment_status":"closed","ping_status":"closed","template":"","meta":{"_et_pb_use_builder":"on","_et_pb_old_content":"","_et_gb_content_width":"","footnotes":""},"class_list":["post-639","page","type-page","status-publish","hentry"],"yoast_head":"<!-- This site is optimized with the Yoast SEO plugin v20.8 - https:\/\/yoast.com\/wordpress\/plugins\/seo\/ -->\n<title>Open Source - Datalab<\/title>\n<meta name=\"robots\" content=\"index, follow, max-snippet:-1, max-image-preview:large, max-video-preview:-1\" \/>\n<link rel=\"canonical\" href=\"https:\/\/dltec.net\/ca\/open-source\/\" \/>\n<meta property=\"og:locale\" content=\"ca_ES\" \/>\n<meta property=\"og:type\" content=\"article\" \/>\n<meta property=\"og:title\" content=\"Open Source - Datalab\" \/>\n<meta property=\"og:description\" content=\"Dltec Solucions Open Source, implanta solucions de codi obert innovadores, eficaces, solvents i rendibles. El equip de professionals de DLtec ajuda als seus clients a implementar i administrar solucions de codi lliure de manera efica\u00e7 i, d\u2019aquesta manera, aconseguir un rendiment elevat en la seva gesti\u00f3 al reduir les despeses de infraestructura i llicencies, incrementar [&hellip;]\" \/>\n<meta property=\"og:url\" content=\"https:\/\/dltec.net\/ca\/open-source\/\" \/>\n<meta property=\"og:site_name\" content=\"Datalab\" \/>\n<meta property=\"article:modified_time\" content=\"2023-05-09T14:28:31+00:00\" \/>\n<meta name=\"twitter:card\" content=\"summary_large_image\" \/>\n<meta name=\"twitter:label1\" content=\"Temps estimat de lectura\" \/>\n\t<meta name=\"twitter:data1\" content=\"4 minuts\" \/>\n<script type=\"application\/ld+json\" class=\"yoast-schema-graph\">{\"@context\":\"https:\/\/schema.org\",\"@graph\":[{\"@type\":\"WebPage\",\"@id\":\"https:\/\/dltec.net\/ca\/open-source\/\",\"url\":\"https:\/\/dltec.net\/ca\/open-source\/\",\"name\":\"Open Source - Datalab\",\"isPartOf\":{\"@id\":\"https:\/\/dltec.net\/ca\/#website\"},\"datePublished\":\"2023-05-08T10:54:27+00:00\",\"dateModified\":\"2023-05-09T14:28:31+00:00\",\"breadcrumb\":{\"@id\":\"https:\/\/dltec.net\/ca\/open-source\/#breadcrumb\"},\"inLanguage\":\"ca\",\"potentialAction\":[{\"@type\":\"ReadAction\",\"target\":[\"https:\/\/dltec.net\/ca\/open-source\/\"]}]},{\"@type\":\"BreadcrumbList\",\"@id\":\"https:\/\/dltec.net\/ca\/open-source\/#breadcrumb\",\"itemListElement\":[{\"@type\":\"ListItem\",\"position\":1,\"name\":\"Portada\",\"item\":\"https:\/\/dltec.net\/ca\/\"},{\"@type\":\"ListItem\",\"position\":2,\"name\":\"Open Source\"}]},{\"@type\":\"WebSite\",\"@id\":\"https:\/\/dltec.net\/ca\/#website\",\"url\":\"https:\/\/dltec.net\/ca\/\",\"name\":\"Datalab\",\"description\":\"\",\"potentialAction\":[{\"@type\":\"SearchAction\",\"target\":{\"@type\":\"EntryPoint\",\"urlTemplate\":\"https:\/\/dltec.net\/ca\/?s={search_term_string}\"},\"query-input\":\"required name=search_term_string\"}],\"inLanguage\":\"ca\"}]}<\/script>\n<!-- \/ Yoast SEO plugin. -->","yoast_head_json":{"title":"Open Source - Datalab","robots":{"index":"index","follow":"follow","max-snippet":"max-snippet:-1","max-image-preview":"max-image-preview:large","max-video-preview":"max-video-preview:-1"},"canonical":"https:\/\/dltec.net\/ca\/open-source\/","og_locale":"ca_ES","og_type":"article","og_title":"Open Source - Datalab","og_description":"Dltec Solucions Open Source, implanta solucions de codi obert innovadores, eficaces, solvents i rendibles. El equip de professionals de DLtec ajuda als seus clients a implementar i administrar solucions de codi lliure de manera efica\u00e7 i, d\u2019aquesta manera, aconseguir un rendiment elevat en la seva gesti\u00f3 al reduir les despeses de infraestructura i llicencies, incrementar [&hellip;]","og_url":"https:\/\/dltec.net\/ca\/open-source\/","og_site_name":"Datalab","article_modified_time":"2023-05-09T14:28:31+00:00","twitter_card":"summary_large_image","twitter_misc":{"Temps estimat de lectura":"4 minuts"},"schema":{"@context":"https:\/\/schema.org","@graph":[{"@type":"WebPage","@id":"https:\/\/dltec.net\/ca\/open-source\/","url":"https:\/\/dltec.net\/ca\/open-source\/","name":"Open Source - Datalab","isPartOf":{"@id":"https:\/\/dltec.net\/ca\/#website"},"datePublished":"2023-05-08T10:54:27+00:00","dateModified":"2023-05-09T14:28:31+00:00","breadcrumb":{"@id":"https:\/\/dltec.net\/ca\/open-source\/#breadcrumb"},"inLanguage":"ca","potentialAction":[{"@type":"ReadAction","target":["https:\/\/dltec.net\/ca\/open-source\/"]}]},{"@type":"BreadcrumbList","@id":"https:\/\/dltec.net\/ca\/open-source\/#breadcrumb","itemListElement":[{"@type":"ListItem","position":1,"name":"Portada","item":"https:\/\/dltec.net\/ca\/"},{"@type":"ListItem","position":2,"name":"Open Source"}]},{"@type":"WebSite","@id":"https:\/\/dltec.net\/ca\/#website","url":"https:\/\/dltec.net\/ca\/","name":"Datalab","description":"","potentialAction":[{"@type":"SearchAction","target":{"@type":"EntryPoint","urlTemplate":"https:\/\/dltec.net\/ca\/?s={search_term_string}"},"query-input":"required name=search_term_string"}],"inLanguage":"ca"}]}},"_links":{"self":[{"href":"https:\/\/dltec.net\/ca\/wp-json\/wp\/v2\/pages\/639","targetHints":{"allow":["GET"]}}],"collection":[{"href":"https:\/\/dltec.net\/ca\/wp-json\/wp\/v2\/pages"}],"about":[{"href":"https:\/\/dltec.net\/ca\/wp-json\/wp\/v2\/types\/page"}],"author":[{"embeddable":true,"href":"https:\/\/dltec.net\/ca\/wp-json\/wp\/v2\/users\/1"}],"replies":[{"embeddable":true,"href":"https:\/\/dltec.net\/ca\/wp-json\/wp\/v2\/comments?post=639"}],"version-history":[{"count":2,"href":"https:\/\/dltec.net\/ca\/wp-json\/wp\/v2\/pages\/639\/revisions"}],"predecessor-version":[{"id":641,"href":"https:\/\/dltec.net\/ca\/wp-json\/wp\/v2\/pages\/639\/revisions\/641"}],"wp:attachment":[{"href":"https:\/\/dltec.net\/ca\/wp-json\/wp\/v2\/media?parent=639"}],"curies":[{"name":"wp","href":"https:\/\/api.w.org\/{rel}","templated":true}]}}